{"id":105,"date":"2023-05-02T15:16:27","date_gmt":"2023-05-02T13:16:27","guid":{"rendered":"https:\/\/www.institut-foton.eu\/?page_id=105"},"modified":"2025-04-22T11:25:11","modified_gmt":"2025-04-22T09:25:11","slug":"axes-de-recherche","status":"publish","type":"page","link":"https:\/\/www.institut-foton.eu\/en\/recherche\/axes-de-recherche\/","title":{"rendered":"Research axes"},"content":{"rendered":"\n\n\n\n\n<p>Les activit\u00e9s de l&#8217;Institut FOTON s&#8217;organisent selon trois axes th\u00e9matiques transverses aux d\u00e9partements.<\/p>\n\n\n\n<div class=\"wp-block-query is-layout-flow wp-block-query-is-layout-flow\"><ul class=\"columns-3 wp-block-post-template is-layout-grid wp-container-core-post-template-is-layout-6d3fbd8f wp-block-post-template-is-layout-grid\"><li class=\"wp-block-post post-7743 page type-page status-publish has-post-thumbnail hentry\">\n<figure style=\"aspect-ratio:16\/9;\" class=\"alignwide wp-block-post-featured-image\"><a href=\"https:\/\/www.institut-foton.eu\/en\/recherche\/axes-de-recherche\/capteurs-photoniques\/\" target=\"_self\"  ><img loading=\"lazy\" decoding=\"async\" width=\"1171\" height=\"722\" src=\"https:\/\/www.institut-foton.eu\/wp-content\/uploads\/2023\/10\/Image_Capteurs-a-fibre.jpg\" class=\"attachment-post-thumbnail size-post-thumbnail wp-post-image\" alt=\"Capteurs photoniques\" style=\"width:100%;height:100%;object-fit:cover;\" srcset=\"https:\/\/www.institut-foton.eu\/wp-content\/uploads\/2023\/10\/Image_Capteurs-a-fibre.jpg 1171w, https:\/\/www.institut-foton.eu\/wp-content\/uploads\/2023\/10\/Image_Capteurs-a-fibre-300x185.jpg 300w, https:\/\/www.institut-foton.eu\/wp-content\/uploads\/2023\/10\/Image_Capteurs-a-fibre-1024x631.jpg 1024w, https:\/\/www.institut-foton.eu\/wp-content\/uploads\/2023\/10\/Image_Capteurs-a-fibre-768x474.jpg 768w\" sizes=\"auto, (max-width: 1171px) 100vw, 1171px\" \/><\/a><\/figure>\n\n<h2 class=\"wp-block-post-title\"><a href=\"https:\/\/www.institut-foton.eu\/en\/recherche\/axes-de-recherche\/capteurs-photoniques\/\" target=\"_self\" >Capteurs photoniques<\/a><\/h2>\n\n<div class=\"wp-block-post-excerpt\"><p class=\"wp-block-post-excerpt__excerpt\">Sources et mat\u00e9riaux pour les capteurs Capteurs et applications Imagerie <a class=\"wp-block-post-excerpt__more-link\" href=\"https:\/\/www.institut-foton.eu\/en\/recherche\/axes-de-recherche\/capteurs-photoniques\/\">\u2192 Lire la suite<\/a><\/p><\/div>\n\n\n<hr class=\"wp-block-separator has-css-opacity\"\/>\n\n<\/li><li class=\"wp-block-post post-7746 page type-page status-publish has-post-thumbnail hentry\">\n<figure style=\"aspect-ratio:16\/9;\" class=\"alignwide wp-block-post-featured-image\"><a href=\"https:\/\/www.institut-foton.eu\/en\/recherche\/axes-de-recherche\/photonique-hyperfrequence-et-thz-%e2%88%92-communications-optiques\/\" target=\"_self\"  ><img loading=\"lazy\" decoding=\"async\" width=\"1016\" height=\"458\" src=\"https:\/\/www.institut-foton.eu\/wp-content\/uploads\/2024\/01\/IMG_20240124_094128.jpg\" class=\"attachment-post-thumbnail size-post-thumbnail wp-post-image\" alt=\"Photonique hyperfr\u00e9quence et THz \u2212 Communications optiques\" style=\"width:100%;height:100%;object-fit:cover;\" srcset=\"https:\/\/www.institut-foton.eu\/wp-content\/uploads\/2024\/01\/IMG_20240124_094128.jpg 1016w, https:\/\/www.institut-foton.eu\/wp-content\/uploads\/2024\/01\/IMG_20240124_094128-300x135.jpg 300w, https:\/\/www.institut-foton.eu\/wp-content\/uploads\/2024\/01\/IMG_20240124_094128-768x346.jpg 768w\" sizes=\"auto, (max-width: 1016px) 100vw, 1016px\" \/><\/a><\/figure>\n\n<h2 class=\"wp-block-post-title\"><a href=\"https:\/\/www.institut-foton.eu\/en\/recherche\/axes-de-recherche\/photonique-hyperfrequence-et-thz-%e2%88%92-communications-optiques\/\" target=\"_self\" >Photonique hyperfr\u00e9quence et THz \u2212 Communications optiques<\/a><\/h2>\n\n<div class=\"wp-block-post-excerpt\"><p class=\"wp-block-post-excerpt__excerpt\">Sources opto-hyper G\u00e9n\u00e9ration, mise en forme et traitement du signal Communications <a class=\"wp-block-post-excerpt__more-link\" href=\"https:\/\/www.institut-foton.eu\/en\/recherche\/axes-de-recherche\/photonique-hyperfrequence-et-thz-%e2%88%92-communications-optiques\/\">\u2192 Lire la suite<\/a><\/p><\/div>\n\n\n<hr class=\"wp-block-separator has-css-opacity\"\/>\n\n<\/li><li class=\"wp-block-post post-7747 page type-page status-publish has-post-thumbnail hentry\">\n<figure style=\"aspect-ratio:16\/9;\" class=\"alignwide wp-block-post-featured-image\"><a href=\"https:\/\/www.institut-foton.eu\/en\/recherche\/axes-de-recherche\/photo-generation-et-stockage-de-lenergie\/\" target=\"_self\"  ><img loading=\"lazy\" decoding=\"async\" width=\"529\" height=\"298\" src=\"https:\/\/www.institut-foton.eu\/wp-content\/uploads\/2024\/01\/IMG_20240123_151633.jpg\" class=\"attachment-post-thumbnail size-post-thumbnail wp-post-image\" alt=\"Photo-g\u00e9n\u00e9ration et stockage de l\u2019\u00e9nergie\" style=\"width:100%;height:100%;object-fit:cover;\" srcset=\"https:\/\/www.institut-foton.eu\/wp-content\/uploads\/2024\/01\/IMG_20240123_151633.jpg 529w, https:\/\/www.institut-foton.eu\/wp-content\/uploads\/2024\/01\/IMG_20240123_151633-300x169.jpg 300w\" sizes=\"auto, (max-width: 529px) 100vw, 529px\" \/><\/a><\/figure>\n\n<h2 class=\"wp-block-post-title\"><a href=\"https:\/\/www.institut-foton.eu\/en\/recherche\/axes-de-recherche\/photo-generation-et-stockage-de-lenergie\/\" target=\"_self\" >Photo-g\u00e9n\u00e9ration et stockage de l\u2019\u00e9nergie<\/a><\/h2>\n\n<div class=\"wp-block-post-excerpt\"><p class=\"wp-block-post-excerpt__excerpt\">Photo-\u00e9lectrochimie Concepts avanc\u00e9s de cellules photovolta\u00efques Mat\u00e9riaux pour l&#8217;\u00e9nergie <a class=\"wp-block-post-excerpt__more-link\" href=\"https:\/\/www.institut-foton.eu\/en\/recherche\/axes-de-recherche\/photo-generation-et-stockage-de-lenergie\/\">\u2192 Lire la suite<\/a><\/p><\/div>\n\n\n<hr class=\"wp-block-separator has-css-opacity\"\/>\n\n<\/li><\/ul><\/div>\n","protected":false},"excerpt":{"rendered":"<p>Les activit\u00e9s de l&#8217;Institut FOTON s&#8217;organisent selon trois axes th\u00e9matiques  transverses aux d\u00e9partements.<\/p>\n","protected":false},"author":3,"featured_media":8898,"parent":7218,"menu_order":1,"comment_status":"closed","ping_status":"closed","template":"","meta":{"inline_featured_image":false,"footnotes":""},"class_list":["post-105","page","type-page","status-publish","has-post-thumbnail","hentry"],"translation":{"provider":"WPGlobus","version":"3.0.2","language":"en","enabled_languages":["fr","en"],"languages":{"fr":{"title":true,"content":true,"excerpt":true},"en":{"title":true,"content":true,"excerpt":false}}},"_links":{"self":[{"href":"https:\/\/www.institut-foton.eu\/en\/wp-json\/wp\/v2\/pages\/105","targetHints":{"allow":["GET"]}}],"collection":[{"href":"https:\/\/www.institut-foton.eu\/en\/wp-json\/wp\/v2\/pages"}],"about":[{"href":"https:\/\/www.institut-foton.eu\/en\/wp-json\/wp\/v2\/types\/page"}],"author":[{"embeddable":true,"href":"https:\/\/www.institut-foton.eu\/en\/wp-json\/wp\/v2\/users\/3"}],"replies":[{"embeddable":true,"href":"https:\/\/www.institut-foton.eu\/en\/wp-json\/wp\/v2\/comments?post=105"}],"version-history":[{"count":106,"href":"https:\/\/www.institut-foton.eu\/en\/wp-json\/wp\/v2\/pages\/105\/revisions"}],"predecessor-version":[{"id":10493,"href":"https:\/\/www.institut-foton.eu\/en\/wp-json\/wp\/v2\/pages\/105\/revisions\/10493"}],"up":[{"embeddable":true,"href":"https:\/\/www.institut-foton.eu\/en\/wp-json\/wp\/v2\/pages\/7218"}],"wp:featuredmedia":[{"embeddable":true,"href":"https:\/\/www.institut-foton.eu\/en\/wp-json\/wp\/v2\/media\/8898"}],"wp:attachment":[{"href":"https:\/\/www.institut-foton.eu\/en\/wp-json\/wp\/v2\/media?parent=105"}],"curies":[{"name":"wp","href":"https:\/\/api.w.org\/{rel}","templated":true}]}}