{"id":183,"date":"2023-06-04T15:39:00","date_gmt":"2023-06-04T13:39:00","guid":{"rendered":"https:\/\/www.institut-foton.eu\/?page_id=183"},"modified":"2024-02-23T09:47:01","modified_gmt":"2024-02-23T08:47:01","slug":"grand-public","status":"publish","type":"page","link":"https:\/\/www.institut-foton.eu\/en\/science-society\/grand-public\/","title":{"rendered":"Outreach activities"},"content":{"rendered":"\n<p>FOTON Institute is involved in scientific outreach activities all year round, offering workshops, conferences, events, interviews and articles on research and the scientific process to the general public and schoolchildren. In particular, the Institute takes part in the F\u00eate de la Science, the biggest annual national event for scientific culture and the dissemination of research to the general public, every year at the beginning of October. In all these actions, particular attention is paid to the feminization and social openness of science, making it accessible to all, and promoting exchanges to establish a sustainable science-society link on a local level.<\/p>\n\n\n\n<h2 class=\"wp-block-heading\">&#8220;F\u00eate de la Science&#8221;<\/h2>\n\n\n\n<p>For many years now, Institut FOTON staff &#8211; both permanent employees and young researchers &#8211; have been setting up stands at the F\u00eate de la Science events in Rennes and Lannion. These encounters with schoolchildren and the general public highlight laboratory research work, share scientific news and knowledge on the themes of photonics, energy, photovoltaics and hydrogen, produced by men and women, and discuss research careers.<\/p>\n\n\n\n<div class=\"wp-block-media-text is-stacked-on-mobile\" style=\"grid-template-columns:27% auto\"><figure class=\"wp-block-media-text__media\"><img loading=\"lazy\" decoding=\"async\" width=\"937\" height=\"1024\" src=\"https:\/\/www.institut-foton.eu\/wp-content\/uploads\/2023\/12\/ambassadeursFOTON-937x1024.jpg\" alt=\"\" class=\"wp-image-6564 size-full\" srcset=\"https:\/\/www.institut-foton.eu\/wp-content\/uploads\/2023\/12\/ambassadeursFOTON-937x1024.jpg 937w, https:\/\/www.institut-foton.eu\/wp-content\/uploads\/2023\/12\/ambassadeursFOTON-275x300.jpg 275w, https:\/\/www.institut-foton.eu\/wp-content\/uploads\/2023\/12\/ambassadeursFOTON-768x839.jpg 768w, https:\/\/www.institut-foton.eu\/wp-content\/uploads\/2023\/12\/ambassadeursFOTON.jpg 1152w\" sizes=\"auto, (max-width: 937px) 100vw, 937px\" \/><\/figure><div class=\"wp-block-media-text__content\">\n<h4 class=\"wp-block-heading\">FOTON Institute is proud of its &#8220;F\u00eate de la Science&#8221; ambassadors!<\/h4>\n\n\n\n<p>Respectively Assistant Professor and Full Professor at FOTON Institute, Maud Gu\u00e9zo has been appointed &#8220;F\u00eate de la Science&#8221; Ambassador for Brittany and the Ille-Et-Vilaine d\u00e9partment in 2018, and Thierry Chartier &#8220;F\u00eate de la Science&#8221; Ambassador for the C\u00f4tes d&#8217;Armor d\u00e9partement in 2023.<\/p>\n\n\n\n<p>These two &#8220;F\u00eate de la Science&#8221; ambassadors are involved in the P\u00f4le Bretagne de Culture Scientifique, Technique et Industrielle, run by the Espace des Sciences (Rennes).<\/p>\n<\/div><\/div>\n\n\n\n<h4 class=\"wp-block-heading\">Pictures of the 2023 edition<\/h4>\n\n\n\n<figure class=\"wp-block-gallery has-nested-images columns-5 is-cropped wp-block-gallery-1 is-layout-flex wp-block-gallery-is-layout-flex\">\n<figure class=\"wp-block-image size-full\"><img loading=\"lazy\" decoding=\"async\" width=\"833\" height=\"1110\" data-id=\"6576\" src=\"https:\/\/www.institut-foton.eu\/wp-content\/uploads\/2023\/12\/Stand-Couleur-Lumiere-Photonique-INSA-2023-1.jpg\" alt=\"\" class=\"wp-image-6576\" srcset=\"https:\/\/www.institut-foton.eu\/wp-content\/uploads\/2023\/12\/Stand-Couleur-Lumiere-Photonique-INSA-2023-1.jpg 833w, https:\/\/www.institut-foton.eu\/wp-content\/uploads\/2023\/12\/Stand-Couleur-Lumiere-Photonique-INSA-2023-1-225x300.jpg 225w, https:\/\/www.institut-foton.eu\/wp-content\/uploads\/2023\/12\/Stand-Couleur-Lumiere-Photonique-INSA-2023-1-768x1023.jpg 768w\" sizes=\"auto, (max-width: 833px) 100vw, 833px\" \/><figcaption class=\"wp-element-caption\">Colors\/light\/photonics<br> (Rennes)<\/figcaption><\/figure>\n\n\n\n<figure class=\"wp-block-image size-full\"><img loading=\"lazy\" decoding=\"async\" width=\"800\" height=\"713\" data-id=\"6578\" src=\"https:\/\/www.institut-foton.eu\/wp-content\/uploads\/2023\/12\/Stand-Lannion-photo.jpg\" alt=\"\" class=\"wp-image-6578\" srcset=\"https:\/\/www.institut-foton.eu\/wp-content\/uploads\/2023\/12\/Stand-Lannion-photo.jpg 800w, https:\/\/www.institut-foton.eu\/wp-content\/uploads\/2023\/12\/Stand-Lannion-photo-300x267.jpg 300w, https:\/\/www.institut-foton.eu\/wp-content\/uploads\/2023\/12\/Stand-Lannion-photo-768x684.jpg 768w\" sizes=\"auto, (max-width: 800px) 100vw, 800px\" \/><figcaption class=\"wp-element-caption\">Colors of light<br>(Lannion)<\/figcaption><\/figure>\n\n\n\n<figure class=\"wp-block-image size-large\"><img loading=\"lazy\" decoding=\"async\" width=\"768\" height=\"1024\" data-id=\"6575\" src=\"https:\/\/www.institut-foton.eu\/wp-content\/uploads\/2023\/12\/Stand-lenergie-quel-defi-INSA-2023-768x1024.jpg\" alt=\"\" class=\"wp-image-6575\" srcset=\"https:\/\/www.institut-foton.eu\/wp-content\/uploads\/2023\/12\/Stand-lenergie-quel-defi-INSA-2023-768x1024.jpg 768w, https:\/\/www.institut-foton.eu\/wp-content\/uploads\/2023\/12\/Stand-lenergie-quel-defi-INSA-2023-225x300.jpg 225w, https:\/\/www.institut-foton.eu\/wp-content\/uploads\/2023\/12\/Stand-lenergie-quel-defi-INSA-2023.jpg 848w\" sizes=\"auto, (max-width: 768px) 100vw, 768px\" \/><figcaption class=\"wp-element-caption\">Energy &#8211; what a challenge!<br>(Rennes)<\/figcaption><\/figure>\n\n\n\n<figure class=\"wp-block-image size-full\"><img loading=\"lazy\" decoding=\"async\" width=\"800\" height=\"560\" data-id=\"6579\" src=\"https:\/\/www.institut-foton.eu\/wp-content\/uploads\/2023\/12\/Stand-Lannion-photo-2.jpg\" alt=\"\" class=\"wp-image-6579\" srcset=\"https:\/\/www.institut-foton.eu\/wp-content\/uploads\/2023\/12\/Stand-Lannion-photo-2.jpg 800w, https:\/\/www.institut-foton.eu\/wp-content\/uploads\/2023\/12\/Stand-Lannion-photo-2-300x210.jpg 300w, https:\/\/www.institut-foton.eu\/wp-content\/uploads\/2023\/12\/Stand-Lannion-photo-2-768x538.jpg 768w\" sizes=\"auto, (max-width: 800px) 100vw, 800px\" \/><figcaption class=\"wp-element-caption\">Secrets of holograms<br>(Lannion)<\/figcaption><\/figure>\n\n\n\n<figure class=\"wp-block-image size-full\"><img loading=\"lazy\" decoding=\"async\" width=\"800\" height=\"500\" data-id=\"6577\" src=\"https:\/\/www.institut-foton.eu\/wp-content\/uploads\/2023\/12\/Stand-Lannion-2023.jpg\" alt=\"\" class=\"wp-image-6577\" srcset=\"https:\/\/www.institut-foton.eu\/wp-content\/uploads\/2023\/12\/Stand-Lannion-2023.jpg 800w, https:\/\/www.institut-foton.eu\/wp-content\/uploads\/2023\/12\/Stand-Lannion-2023-300x188.jpg 300w, https:\/\/www.institut-foton.eu\/wp-content\/uploads\/2023\/12\/Stand-Lannion-2023-768x480.jpg 768w\" sizes=\"auto, (max-width: 800px) 100vw, 800px\" \/><figcaption class=\"wp-element-caption\">Photonics<br> (Lannion)<\/figcaption><\/figure>\n<\/figure>\n\n\n\n<h2 class=\"wp-block-heading\">Other events<\/h2>\n\n\n\n<h4 class=\"wp-block-heading\">For schoolchildren\u2026<\/h4>\n\n\n\n<p>&#8220;Immersion Sciences&#8221; event: every year in March, organized by the Rectorat, the CNRS and the R\u00e9gion Bretagne. The Institute offers 3 activities at this event: workshops on the &#8220;LED\/optics&#8221; theme, round-table discussions on research professions, scientific careers and career paths, and a popularization conference on nanomaterials. 11th participation of the FOTON Institute in 2023 !<\/p>\n\n\n\n<blockquote class=\"wp-block-quote is-layout-flow wp-block-quote-is-layout-flow\">\n<p>It lets me know which fields I don&#8217;t like at all, for example biology, not a big fan! But there are other fields I&#8217;m discovering that look like fun, like\u2026 quantum physics!<\/p>\n<cite>Amandine, 11th grade (Extract radio INTERVIEW RCF 06\/04\/2022)<\/cite><\/blockquote>\n\n\n\n<p>Operation &#8220;A la d\u00e9couverte de la recherche&#8221;: led by the Rectorat, in March-April in d\u00e9partements 35 and 56 and coordinated by M. Gu\u00e9zo at Institut FOTON: lectures by researchers offered in classes in local schools. The FOTON Institute has been involved since 2014.<\/p>\n\n\n\n<h4 class=\"wp-block-heading\">&#8230; for remote audiences &#8230;.<\/h4>\n\n\n\n<p>&#8220;Light, what a phenomenon!&#8221; workshops at the &#8220;Prison des Femmes&#8221; in Rennes, and exchanges on Science with women prisoners. Participation of the FOTON Institute in 2019, 2021 and 2022.<\/p>\n\n\n\n<h4 class=\"wp-block-heading\">&#8230; and for the public at large&#8230;<\/h4>\n\n\n\n<div class=\"wp-block-media-text is-stacked-on-mobile\" style=\"grid-template-columns:15% auto\"><figure class=\"wp-block-media-text__media\"><img loading=\"lazy\" decoding=\"async\" width=\"277\" height=\"392\" src=\"https:\/\/www.institut-foton.eu\/wp-content\/uploads\/2023\/12\/Conf-Grand-Public-Maud-Guezo-Oct-2023.png\" alt=\"\" class=\"wp-image-6592 size-full\" srcset=\"https:\/\/www.institut-foton.eu\/wp-content\/uploads\/2023\/12\/Conf-Grand-Public-Maud-Guezo-Oct-2023.png 277w, https:\/\/www.institut-foton.eu\/wp-content\/uploads\/2023\/12\/Conf-Grand-Public-Maud-Guezo-Oct-2023-212x300.png 212w\" sizes=\"auto, (max-width: 277px) 100vw, 277px\" \/><\/figure><div class=\"wp-block-media-text__content\">\n<p>Scientific conference for the general public on &#8220;Colors, from light to laser&#8221; by Maud Gu\u00e9zo, Assistant Professor at the Institut FOTON, at the Noyal-Ch\u00e2tillon-Sur-Seiche Media Library, as part of its &#8220;Light in all its states&#8221; event during the F\u00eate de la Science and throughout October 2023.<\/p>\n<\/div><\/div>\n\n\n\n<div class=\"wp-block-media-text has-media-on-the-right is-stacked-on-mobile\" style=\"grid-template-columns:auto 31%\"><div class=\"wp-block-media-text__content\">\n<p>&#8220;Photovoltaic solar energy&#8221; scientific conference for the general public by Olivier Durand, Professor at the FOTON Institute, at the Saint-Michel auditorium in Les Sables d&#8217;Olonne. This conference was proposed by the Sol&#8217;aire C\u00f4te de Lumi\u00e8re collective as part of the Climate Air Energy week from October 8 to 15, 2023, organized by the Sables d&#8217;Olonne conurbation.<\/p>\n<\/div><figure class=\"wp-block-media-text__media\"><img loading=\"lazy\" decoding=\"async\" width=\"300\" height=\"146\" src=\"https:\/\/www.institut-foton.eu\/wp-content\/uploads\/2023\/12\/Solaire.jpg\" alt=\"\" class=\"wp-image-6596 size-full\"\/><\/figure><\/div>\n\n\n\n<h2 class=\"wp-block-heading\">Science with and for society<\/h2>\n\n\n\n<div class=\"wp-block-media-text has-media-on-the-right is-stacked-on-mobile\" style=\"grid-template-columns:auto 33%\"><div class=\"wp-block-media-text__content\">\n<p>The Rennes site was awarded the &#8220;Science with and for society&#8221; label in April 2022 for a three-year period by the French Ministry of Higher Education, Research and Innovation. The &#8220;TrIptyque Science Soci\u00e9t\u00e9 pour AGir Ensemble&#8221; (TISSAGE) project proposed by the University of Rennes, its component institutions and the University of Rennes 2 aims to implement a dialogue between science and society by forging links between citizens, researchers and decision-makers, particularly on subjects related to environmental, health, digital or societal transitions.<\/p>\n<\/div><figure class=\"wp-block-media-text__media\"><img loading=\"lazy\" decoding=\"async\" width=\"337\" height=\"190\" src=\"https:\/\/www.institut-foton.eu\/wp-content\/uploads\/2023\/12\/schemaTissageV1.png\" alt=\"\" class=\"wp-image-6597 size-full\" srcset=\"https:\/\/www.institut-foton.eu\/wp-content\/uploads\/2023\/12\/schemaTissageV1.png 337w, https:\/\/www.institut-foton.eu\/wp-content\/uploads\/2023\/12\/schemaTissageV1-300x169.png 300w\" sizes=\"auto, (max-width: 337px) 100vw, 337px\" \/><\/figure><\/div>\n\n\n\n<div class=\"wp-block-media-text is-stacked-on-mobile\" style=\"grid-template-columns:40% auto\"><figure class=\"wp-block-media-text__media\"><img loading=\"lazy\" decoding=\"async\" width=\"960\" height=\"540\" src=\"https:\/\/www.institut-foton.eu\/wp-content\/uploads\/2023\/12\/science-avec-et-pour-la-societe-1.png\" alt=\"\" class=\"wp-image-6599 size-full\" srcset=\"https:\/\/www.institut-foton.eu\/wp-content\/uploads\/2023\/12\/science-avec-et-pour-la-societe-1.png 960w, https:\/\/www.institut-foton.eu\/wp-content\/uploads\/2023\/12\/science-avec-et-pour-la-societe-1-300x169.png 300w, https:\/\/www.institut-foton.eu\/wp-content\/uploads\/2023\/12\/science-avec-et-pour-la-societe-1-768x432.png 768w\" sizes=\"auto, (max-width: 960px) 100vw, 960px\" \/><\/figure><div class=\"wp-block-media-text__content\">\n<p>Maud Gu\u00e9zo, Assistant Professor at Institut FOTON, is in charge of the science-society relationship at INSA Rennes and is responsible for Axis 2 &#8220;Reinventing public debate&#8221; of the TISSAGE project.<\/p>\n<\/div><\/div>\n","protected":false},"excerpt":{"rendered":"<p>FOTON Institute is involved in scientific outreach activities all year round, offering workshops, conferences, events, interviews and articles on research and the scientific process to the general public and schoolchildren. In particular, the Institute takes part in the F\u00eate de<\/p>\n","protected":false},"author":3,"featured_media":6507,"parent":340,"menu_order":4,"comment_status":"closed","ping_status":"closed","template":"","meta":{"inline_featured_image":false,"footnotes":""},"class_list":["post-183","page","type-page","status-publish","has-post-thumbnail","hentry"],"translation":{"provider":"WPGlobus","version":"3.0.2","language":"en","enabled_languages":["fr","en"],"languages":{"fr":{"title":true,"content":true,"excerpt":false},"en":{"title":true,"content":true,"excerpt":false}}},"_links":{"self":[{"href":"https:\/\/www.institut-foton.eu\/en\/wp-json\/wp\/v2\/pages\/183","targetHints":{"allow":["GET"]}}],"collection":[{"href":"https:\/\/www.institut-foton.eu\/en\/wp-json\/wp\/v2\/pages"}],"about":[{"href":"https:\/\/www.institut-foton.eu\/en\/wp-json\/wp\/v2\/types\/page"}],"author":[{"embeddable":true,"href":"https:\/\/www.institut-foton.eu\/en\/wp-json\/wp\/v2\/users\/3"}],"replies":[{"embeddable":true,"href":"https:\/\/www.institut-foton.eu\/en\/wp-json\/wp\/v2\/comments?post=183"}],"version-history":[{"count":51,"href":"https:\/\/www.institut-foton.eu\/en\/wp-json\/wp\/v2\/pages\/183\/revisions"}],"predecessor-version":[{"id":9022,"href":"https:\/\/www.institut-foton.eu\/en\/wp-json\/wp\/v2\/pages\/183\/revisions\/9022"}],"up":[{"embeddable":true,"href":"https:\/\/www.institut-foton.eu\/en\/wp-json\/wp\/v2\/pages\/340"}],"wp:featuredmedia":[{"embeddable":true,"href":"https:\/\/www.institut-foton.eu\/en\/wp-json\/wp\/v2\/media\/6507"}],"wp:attachment":[{"href":"https:\/\/www.institut-foton.eu\/en\/wp-json\/wp\/v2\/media?parent=183"}],"curies":[{"name":"wp","href":"https:\/\/api.w.org\/{rel}","templated":true}]}}