{"id":218,"date":"2023-06-14T09:00:08","date_gmt":"2023-06-14T07:00:08","guid":{"rendered":"https:\/\/www.institut-foton.eu\/?page_id=218"},"modified":"2025-06-18T09:51:56","modified_gmt":"2025-06-18T07:51:56","slug":"offres-de-postes","status":"publish","type":"page","link":"https:\/\/www.institut-foton.eu\/en\/nous-rejoindre\/offres-de-postes\/","title":{"rendered":"Offres de postes"},"content":{"rendered":"\n<h2 class=\"wp-block-heading\">Postes permanents, post-docs, ing\u00e9nieurs<\/h2>\n\n\n\n<div class=\"wp-block-query is-layout-flow wp-block-query-is-layout-flow\"><ul class=\"wp-block-post-template is-layout-flow wp-block-post-template-is-layout-flow\"><li class=\"wp-block-post post-12097 post type-post status-publish format-standard has-post-thumbnail hentry category-actualites category-offres-de-postes tag-departement-ohm\">\n<h3 class=\"wp-block-post-title\"><a href=\"https:\/\/www.institut-foton.eu\/en\/enseignant%c2%b7e-chercheur%c2%b7se-contractuel%c2%b7le-en-physique\/\" target=\"_self\" >Enseignant\u00b7e\/Chercheur\u00b7se contractuel\u00b7le en physique<\/a><\/h3>\n\n<div class=\"wp-block-post-date\"><time datetime=\"2026-04-23T11:16:25+02:00\">23 April 2026<\/time><\/div>\n\n<div class=\"wp-block-post-excerpt\"><p class=\"wp-block-post-excerpt__excerpt\">L\u2019INSA Rennes, tutelle de l&#8217;Institut FOTON, recrute un\u00b7e Enseignant\u00b7e\/Chercheur\u00b7se contractuel\u00b7le en physique pour une dur\u00e9e de 2 ans \u00e0 partir du 1er septembre 2026. <a class=\"wp-block-post-excerpt__more-link\" href=\"https:\/\/www.institut-foton.eu\/en\/enseignant%c2%b7e-chercheur%c2%b7se-contractuel%c2%b7le-en-physique\/\"> \u2192 Lire la suite<\/a><\/p><\/div>\n<\/li><li class=\"wp-block-post post-11818 post type-post status-publish format-standard has-post-thumbnail hentry category-actualites category-offres-de-postes tag-departement-dop\">\n<h3 class=\"wp-block-post-title\"><a href=\"https:\/\/www.institut-foton.eu\/en\/ouverture-dun-poste-de-mdc-en-section-30\/\" target=\"_self\" >Ouverture d&#8217;un poste de Ma\u00eetre de Conf\u00e9rences &#8211; section 30<\/a><\/h3>\n\n<div class=\"wp-block-post-date\"><time datetime=\"2025-12-18T12:38:16+01:00\">18 December 2025<\/time><\/div>\n\n<div class=\"wp-block-post-excerpt\"><p class=\"wp-block-post-excerpt__excerpt\">Un poste de Ma\u00eetre de Conf\u00e9rences en 30i\u00e8me section sera ouvert pour la rentr\u00e9e universitaire de 2026. Le profil de recherche est consacr\u00e9 \u00e0 la photonique pour les technologies num\u00e9riques et la traitement de l&#8217;information. Le (la) candidat(e) s&#8217;ins\u00e9rera au <a class=\"wp-block-post-excerpt__more-link\" href=\"https:\/\/www.institut-foton.eu\/en\/ouverture-dun-poste-de-mdc-en-section-30\/\"> \u2192 Lire la suite<\/a><\/p><\/div>\n<\/li><li class=\"wp-block-post post-10886 post type-post status-publish format-standard has-post-thumbnail hentry category-actualites category-non-classe category-offres-de-postes\">\n<h3 class=\"wp-block-post-title\"><a href=\"https:\/\/www.institut-foton.eu\/en\/linstitut-foton-recrute-sur-une-chaire-de-professeur-junior-cpj\/\" target=\"_self\" >L&#8217;Institut FOTON recrute sur une chaire de professeur junior (CPJ).<\/a><\/h3>\n\n<div class=\"wp-block-post-date\"><time datetime=\"2025-05-07T15:43:29+02:00\">7 May 2025<\/time><\/div>\n\n<div class=\"wp-block-post-excerpt\"><p class=\"wp-block-post-excerpt__excerpt\">Une CPJ \u00e0 l&#8217;Universit\u00e9 de Rennes est ouverte au d\u00e9partement DOP de l&#8217;Institut FOTON \u00e0 Rennes. D&#8217;une dur\u00e9e de 4 ans, la CPJ est accompagn\u00e9e d&#8217;une bourse de th\u00e8se et de cr\u00e9dits d&#8217;installation. Le (la) candidat(e) est invit\u00e9(e) \u00e0 d\u00e9velopper <a class=\"wp-block-post-excerpt__more-link\" href=\"https:\/\/www.institut-foton.eu\/en\/linstitut-foton-recrute-sur-une-chaire-de-professeur-junior-cpj\/\"> \u2192 Lire la suite<\/a><\/p><\/div>\n<\/li><li class=\"wp-block-post post-10845 post type-post status-publish format-standard hentry category-offres-de-postes\">\n<h3 class=\"wp-block-post-title\"><a href=\"https:\/\/www.institut-foton.eu\/en\/ater-section-30-universite-de-rennes\/\" target=\"_self\" >ATER, section 30, Universit\u00e9 de Rennes<\/a><\/h3>\n\n<div class=\"wp-block-post-date\"><time datetime=\"2025-04-23T18:27:42+02:00\">23 April 2025<\/time><\/div>\n\n<div class=\"wp-block-post-excerpt\"><p class=\"wp-block-post-excerpt__excerpt\">Un poste d\u2019ATER (attach\u00e9 temporaire enseignement recherche temps plein) en 30e section est ouvert pour\u00a0septembre 2025\u00a0\u00e0 l&#8217;Universit\u00e9 de Rennes : Institut FOTON\/D\u00e9partement DOP ou IPR\/DPM pour la recherche\/ facult\u00e9 des sciences (Licence et Master de Physique) pour l&#8217;enseignement. Le profil <a class=\"wp-block-post-excerpt__more-link\" href=\"https:\/\/www.institut-foton.eu\/en\/ater-section-30-universite-de-rennes\/\"> \u2192 Lire la suite<\/a><\/p><\/div>\n<\/li><li class=\"wp-block-post post-10438 post type-post status-publish format-standard hentry category-offres-de-postes tag-departement-ohm tag-offres-de-postes\">\n<h3 class=\"wp-block-post-title\"><a href=\"https:\/\/www.institut-foton.eu\/en\/ater-section-28-insa-rennes\/\" target=\"_self\" >ATER, section 28, INSA Rennes<\/a><\/h3>\n\n<div class=\"wp-block-post-date\"><time datetime=\"2025-04-17T16:39:27+02:00\">17 April 2025<\/time><\/div>\n\n<div class=\"wp-block-post-excerpt\"><p class=\"wp-block-post-excerpt__excerpt\">A one year full time position of ATER (Attach\u00e9 Temporaire Enseignement Recherche) is open in section 28 to start on\u00a0septembre 2025\u00a0at INSA Rennes The job offer is available on Galaxie : https:\/\/www.galaxie.enseignementsup-recherche.gouv.fr\/ensup\/ATERListesOffresPubliees\/0350097R\/FOPC_62806.pdf <a class=\"wp-block-post-excerpt__more-link\" href=\"https:\/\/www.institut-foton.eu\/en\/ater-section-28-insa-rennes\/\"> \u2192 Lire la suite<\/a><\/p><\/div>\n<\/li><\/ul><\/div>\n\n\n\n<h2 class=\"wp-block-heading\">Offres de th\u00e8ses<\/h2>\n\n\n\n<div class=\"wp-block-query is-layout-flow wp-block-query-is-layout-flow\"><ul class=\"wp-block-post-template is-layout-flow wp-block-post-template-is-layout-flow\"><li class=\"wp-block-post post-12083 post type-post status-publish format-standard has-post-thumbnail hentry category-actualites category-offres-de-theses tag-departement-dop\">\n<h3 class=\"wp-block-post-title\"><a href=\"https:\/\/www.institut-foton.eu\/en\/offre-de-these-financee-hybrid-nonlinear-plasmonic-devices-for-integrated-quantum-technologies\/\" target=\"_self\" >Offre de th\u00e8se financ\u00e9e : Hybrid Nonlinear-plasmonic devices for Integrated Quantum Technologies<\/a><\/h3>\n\n<div class=\"wp-block-post-date\"><time datetime=\"2026-04-14T18:55:03+02:00\">14 April 2026<\/time><\/div>\n\n<div class=\"wp-block-post-excerpt\"><p class=\"wp-block-post-excerpt__excerpt\">Une bourse de th\u00e8se est disponible au D\u00e9partement DOP, sous la direction de Tintu Kuriakose, sur les Dispositifs hybrides en plasmonique non-lin\u00e9aire pour les technologies quantiques int\u00e9gr\u00e9es. Dur\u00e9e : 3 ans \u00e0 compter d&#8217;octobre 2026; Direction de th\u00e8se : Dr. <a class=\"wp-block-post-excerpt__more-link\" href=\"https:\/\/www.institut-foton.eu\/en\/offre-de-these-financee-hybrid-nonlinear-plasmonic-devices-for-integrated-quantum-technologies\/\"> \u2192 Lire la suite<\/a><\/p><\/div>\n<\/li><li class=\"wp-block-post post-11934 post type-post status-publish format-standard hentry category-offres-de-theses tag-departement-ohm\">\n<h3 class=\"wp-block-post-title\"><a href=\"https:\/\/www.institut-foton.eu\/en\/offre-de-these-heterostructures-iii-v-si-des-proprietes-opto-electroniques-a-la-realisation-de-photodiode-polarisee-en-spin\/\" target=\"_self\" >PhD offer: III-V\/Si heterostructures : from optoelectronic properties to spin-polarised photodiodes<\/a><\/h3>\n\n<div class=\"wp-block-post-date\"><time datetime=\"2026-03-11T10:19:13+01:00\">11 March 2026<\/time><\/div>\n\n<div class=\"wp-block-post-excerpt\"><p class=\"wp-block-post-excerpt__excerpt\">A 36 months PhD is proposed at Institut FOTON under the supervision of Pr. Charles CORNET and Dr. Jules COURTIN in the OHM department. Keywords:\u00a0electronic properties, optoelectronics, spintronics, III-V\/Si heterostructures <a class=\"wp-block-post-excerpt__more-link\" href=\"https:\/\/www.institut-foton.eu\/en\/offre-de-these-heterostructures-iii-v-si-des-proprietes-opto-electroniques-a-la-realisation-de-photodiode-polarisee-en-spin\/\"> \u2192 Lire la suite<\/a><\/p><\/div>\n<\/li><li class=\"wp-block-post post-11461 post type-post status-publish format-standard hentry category-offres-de-theses tag-departement-sp\">\n<h3 class=\"wp-block-post-title\"><a href=\"https:\/\/www.institut-foton.eu\/en\/offre-de-these-en-cotutelle-capteurs-avances-pour-le-monitoring-environnementaldes-regions-arctiques-camera\/\" target=\"_self\" >Offre de th\u00e8se en cotutelle \u2013 Capteurs Avanc\u00e9s pour le Monitoring Environnemental des R\u00e9gions Arctiques : CAMERA<\/a><\/h3>\n\n<div class=\"wp-block-post-date\"><time datetime=\"2025-10-13T08:48:27+02:00\">13 October 2025<\/time><\/div>\n\n<div class=\"wp-block-post-excerpt\"><p class=\"wp-block-post-excerpt__excerpt\">Th\u00e8se en cotutelle d\u2019une dur\u00e9e de 48 mois entre l\u2019Universit\u00e9 de Sherbrooke (Canada)et l\u2019Universit\u00e9 de Rennes (France) Mots clefs : Capteur photonique int\u00e9gr\u00e9, moyen infrarouge, gaz climatiquement actifs Contacts :Jo\u00ebl CHARRIER, U. Rennes (joel.charrier@univ-rennes.fr)Fr\u00e9d\u00e9ric BOUCHARD, U. Sherbrooke (frederic.bouchard5@usherbrooke.ca)Paul CHARETTE, U. <a class=\"wp-block-post-excerpt__more-link\" href=\"https:\/\/www.institut-foton.eu\/en\/offre-de-these-en-cotutelle-capteurs-avances-pour-le-monitoring-environnementaldes-regions-arctiques-camera\/\"> \u2192 Lire la suite<\/a><\/p><\/div>\n<\/li><\/ul><\/div>\n","protected":false},"excerpt":{"rendered":"<p>Postes permanents, post-docs, ing\u00e9nieurs Offres de th\u00e8ses<\/p>\n","protected":false},"author":3,"featured_media":0,"parent":216,"menu_order":1,"comment_status":"closed","ping_status":"closed","template":"","meta":{"inline_featured_image":false,"footnotes":""},"class_list":["post-218","page","type-page","status-publish","hentry"],"translation":{"provider":"WPGlobus","version":"3.0.2","language":"en","enabled_languages":["fr","en"],"languages":{"fr":{"title":true,"content":true,"excerpt":false},"en":{"title":false,"content":false,"excerpt":false}}},"_links":{"self":[{"href":"https:\/\/www.institut-foton.eu\/en\/wp-json\/wp\/v2\/pages\/218","targetHints":{"allow":["GET"]}}],"collection":[{"href":"https:\/\/www.institut-foton.eu\/en\/wp-json\/wp\/v2\/pages"}],"about":[{"href":"https:\/\/www.institut-foton.eu\/en\/wp-json\/wp\/v2\/types\/page"}],"author":[{"embeddable":true,"href":"https:\/\/www.institut-foton.eu\/en\/wp-json\/wp\/v2\/users\/3"}],"replies":[{"embeddable":true,"href":"https:\/\/www.institut-foton.eu\/en\/wp-json\/wp\/v2\/comments?post=218"}],"version-history":[{"count":14,"href":"https:\/\/www.institut-foton.eu\/en\/wp-json\/wp\/v2\/pages\/218\/revisions"}],"predecessor-version":[{"id":11185,"href":"https:\/\/www.institut-foton.eu\/en\/wp-json\/wp\/v2\/pages\/218\/revisions\/11185"}],"up":[{"embeddable":true,"href":"https:\/\/www.institut-foton.eu\/en\/wp-json\/wp\/v2\/pages\/216"}],"wp:attachment":[{"href":"https:\/\/www.institut-foton.eu\/en\/wp-json\/wp\/v2\/media?parent=218"}],"curies":[{"name":"wp","href":"https:\/\/api.w.org\/{rel}","templated":true}]}}