{"id":220,"date":"2023-06-14T09:00:44","date_gmt":"2023-06-14T07:00:44","guid":{"rendered":"https:\/\/www.institut-foton.eu\/?page_id=220"},"modified":"2025-04-22T09:45:42","modified_gmt":"2025-04-22T07:45:42","slug":"offres-de-stages","status":"publish","type":"page","link":"https:\/\/www.institut-foton.eu\/en\/nous-rejoindre\/offres-de-stages\/","title":{"rendered":"Internship offers"},"content":{"rendered":"\n<p>We supervise each year internships at all level from middle school to Master. You will find below our internship offers and some information for unsolicited applications.<\/p>\n\n\n\n<h2 class=\"wp-block-heading\">Sciences internships (Bachelor and master level)<\/h2>\n\n\n\n<h3 class=\"wp-block-heading\">Bachelor<\/h3>\n\n\n\n<div class=\"wp-block-query is-layout-flow wp-block-query-is-layout-flow\">\n\n\n\n<div class=\"wp-block-query-no-results\">\n\n<p><\/p>\n\n<\/div><\/div>\n\n\n\n<h3 class=\"wp-block-heading\">Master 1<\/h3>\n\n\n\n<div class=\"wp-block-query is-layout-flow wp-block-query-is-layout-flow\">\n\n\n\n<div class=\"wp-block-query-no-results\">\n\n<p><\/p>\n\n<\/div><\/div>\n\n\n\n<h3 class=\"wp-block-heading\">Master 2<\/h3>\n\n\n\n<div class=\"wp-block-query is-layout-flow wp-block-query-is-layout-flow\"><ul class=\"wp-block-post-template is-layout-flow wp-block-post-template-is-layout-flow\"><li class=\"wp-block-post post-11524 post type-post status-publish format-standard hentry category-offres-de-stages tag-departement-sp tag-m2\">\n<h3 class=\"wp-block-post-title\"><a href=\"https:\/\/www.institut-foton.eu\/en\/m2-research-internship-visible-light-generation-in-whispering-gallery-mode-microspheres-via-opticalnonlinearity\/\" target=\"_self\" >M2 research Internship: Visible-Light Generation in Whispering-Gallery-Mode Microspheres via OpticalNonlinearity<\/a><\/h3>\n\n<div class=\"wp-block-post-date\"><time datetime=\"2025-11-03T08:52:34+01:00\">3 November 2025<\/time><\/div>\n\n<div class=\"wp-block-post-excerpt\"><p class=\"wp-block-post-excerpt__excerpt\">Duration: February to July 2026Supervisor: St\u00e9phane Trebaol, H\u00e9l\u00e8ne Ollivier, Yannick DumeigeResearch team: Photonic Systems at Foton Institute &#8211; Lannion &#8211; FranceKeywords: High-Q microresonator, nonlinear optics, laser, visible light, single photon counting <\/p><\/div>\n<\/li><li class=\"wp-block-post post-11521 post type-post status-publish format-standard hentry category-offres-de-stages tag-departement-sp tag-m2\">\n<h3 class=\"wp-block-post-title\"><a href=\"https:\/\/www.institut-foton.eu\/en\/m2-research-internship-single-photon-sources-for-quantumtechnologies\/\" target=\"_self\" >M2 research Internship: Single-photon sources for quantumtechnologies<\/a><\/h3>\n\n<div class=\"wp-block-post-date\"><time datetime=\"2025-11-03T08:49:46+01:00\">3 November 2025<\/time><\/div>\n\n<div class=\"wp-block-post-excerpt\"><p class=\"wp-block-post-excerpt__excerpt\">Duration: February to July 2026Supervisors: H\u00e9l\u00e8ne Ollivier, St\u00e9phane Trebaol, Yannick DumeigeResearch team: Photonic Systems at Foton Institute &#8211; Lannion &#8211; France <\/p><\/div>\n<\/li><li class=\"wp-block-post post-11518 post type-post status-publish format-standard hentry category-offres-de-stages tag-departement-sp tag-m2\">\n<h3 class=\"wp-block-post-title\"><a href=\"https:\/\/www.institut-foton.eu\/en\/m2-engineering-student-internshipmicro-fabrication-and-optical-characterizations-of-photonic-integrated-circuits-for-the-near-uv-visible-ranges\/\" target=\"_self\" >M2 Engineering Student Internship:Micro-fabrication and optical characterizations of photonic integrated circuits for the near-UV\/visible ranges<\/a><\/h3>\n\n<div class=\"wp-block-post-date\"><time datetime=\"2025-11-03T08:45:51+01:00\">3 November 2025<\/time><\/div>\n\n<div class=\"wp-block-post-excerpt\"><p class=\"wp-block-post-excerpt__excerpt\">Starting date: Early 2026 Duration: 4-6 monthsSupervisors: Lo\u00efc BodiouResearch team: Photonic Systems (Foton Institute &#8211; Lannion \u2013 France) <\/p><\/div>\n<\/li><li class=\"wp-block-post post-11513 post type-post status-publish format-standard hentry category-offres-de-stages tag-departement-sp tag-m2\">\n<h3 class=\"wp-block-post-title\"><a href=\"https:\/\/www.institut-foton.eu\/en\/m2-research-internship-development-of-near-uv-and-mid-ir-integrated-spectrometers\/\" target=\"_self\" >M2 Engineering Student Internship: Development of near-UV and mid-IR integrated spectrometers<\/a><\/h3>\n\n<div class=\"wp-block-post-date\"><time datetime=\"2025-11-03T08:34:54+01:00\">3 November 2025<\/time><\/div>\n\n<div class=\"wp-block-post-excerpt\"><p class=\"wp-block-post-excerpt__excerpt\">Starting date: Early 2026 Duration: 4-6 monthsSupervisors: Lo\u00efc BodiouResearch team: Photonic Systems (Foton Institute &#8211; Lannion \u2013 France) <\/p><\/div>\n<\/li><\/ul>\n\n\n\n<\/div>\n\n\n\n<h3 class=\"wp-block-heading\">Unsolicited applications<\/h3>\n\n\n\n<p>Unsolicited applications can be adressed to individual researcher identified by the candidate. The <a href=\"https:\/\/www.institut-foton.eu\/equipes\/\" data-type=\"page\" data-id=\"49\">department pages<\/a> allow to discover our research activities and people in charge of each of them.<\/p>\n\n\n\n<p>Application for a whole department can be othewise adressed to the department heads for DOP : <a href=\"https:\/\/www.institut-foton.eu\/vallet-marc\/\" data-type=\"post\" data-id=\"3666\">Marc Vallet<\/a> and SP : <a href=\"https:\/\/www.institut-foton.eu\/dumeige-yannick\/\" data-type=\"post\" data-id=\"3595\">Yannick Dumeige<\/a> and to <strong>stages-ohm@listes.institut-foton.eu<\/strong> for OHM.<\/p>\n\n\n\n<p>In any case, please specified clearly the dates of your internship, scientific interest, motivation and competences to realise the internship your are applying for. You shall join a CV or any document usefull to evaluate your profil.<\/p>\n\n\n\n<p><em>Please pay attention to the localisation of the people or department you wish to contact (either in the city of Rennes or Lannion) to avoid useless application.<\/em><\/p>\n\n\n\n<h2 class=\"wp-block-heading\">Short internships (1st and 2nd year after high school)<\/h2>\n\n\n\n<p>You can apply for a short summer internship (Stage ouvrier) within the OHM department of Institut FOTO N (located at INSA Rennes) via this diffusion liste: <strong>stages-ouvriers-ohm@listes.institut-foton.eu<\/strong>. Your application will be transfer to the potential supervisors of the department.<\/p>\n\n\n\n<p>Please join a CV and specify clearly the dates of your internship and your interests in your application.<\/p>\n","protected":false},"excerpt":{"rendered":"<p>We supervise each year internships at all level from middle school to Master. You will find below our internship offers and some information for unsolicited applications. Sciences internships (Bachelor and master level) Bachelor Master 1 Master 2 Unsolicited applications Unsolicited<\/p>\n","protected":false},"author":3,"featured_media":0,"parent":216,"menu_order":2,"comment_status":"closed","ping_status":"closed","template":"","meta":{"inline_featured_image":false,"footnotes":""},"class_list":["post-220","page","type-page","status-publish","hentry"],"translation":{"provider":"WPGlobus","version":"3.0.2","language":"en","enabled_languages":["fr","en"],"languages":{"fr":{"title":true,"content":true,"excerpt":false},"en":{"title":true,"content":true,"excerpt":false}}},"_links":{"self":[{"href":"https:\/\/www.institut-foton.eu\/en\/wp-json\/wp\/v2\/pages\/220","targetHints":{"allow":["GET"]}}],"collection":[{"href":"https:\/\/www.institut-foton.eu\/en\/wp-json\/wp\/v2\/pages"}],"about":[{"href":"https:\/\/www.institut-foton.eu\/en\/wp-json\/wp\/v2\/types\/page"}],"author":[{"embeddable":true,"href":"https:\/\/www.institut-foton.eu\/en\/wp-json\/wp\/v2\/users\/3"}],"replies":[{"embeddable":true,"href":"https:\/\/www.institut-foton.eu\/en\/wp-json\/wp\/v2\/comments?post=220"}],"version-history":[{"count":34,"href":"https:\/\/www.institut-foton.eu\/en\/wp-json\/wp\/v2\/pages\/220\/revisions"}],"predecessor-version":[{"id":10450,"href":"https:\/\/www.institut-foton.eu\/en\/wp-json\/wp\/v2\/pages\/220\/revisions\/10450"}],"up":[{"embeddable":true,"href":"https:\/\/www.institut-foton.eu\/en\/wp-json\/wp\/v2\/pages\/216"}],"wp:attachment":[{"href":"https:\/\/www.institut-foton.eu\/en\/wp-json\/wp\/v2\/media?parent=220"}],"curies":[{"name":"wp","href":"https:\/\/api.w.org\/{rel}","templated":true}]}}