{"id":222,"date":"2023-06-03T09:01:00","date_gmt":"2023-06-03T07:01:00","guid":{"rendered":"https:\/\/www.institut-foton.eu\/?page_id=222"},"modified":"2025-08-25T13:46:26","modified_gmt":"2025-08-25T11:46:26","slug":"formations","status":"publish","type":"page","link":"https:\/\/www.institut-foton.eu\/en\/science-society\/formations\/","title":{"rendered":"Enseignement et formation"},"content":{"rendered":"\n<p>Les enseignants-chercheurs de l&#8217;Institut FOTON ainsi que ses chercheurs, doctorants, techniciens et ing\u00e9nieurs constituent une force vive de l&#8217;enseignement en physique en Bretagne.<\/p>\n\n\n\n<h2 class=\"wp-block-heading\">Enseignement sup\u00e9rieur<\/h2>\n\n\n\n<div class=\"wp-block-columns is-layout-flex wp-container-core-columns-is-layout-28f84493 wp-block-columns-is-layout-flex\">\n<div class=\"wp-block-column is-layout-flow wp-block-column-is-layout-flow\" style=\"flex-basis:20%\">\n<figure class=\"wp-block-image aligncenter size-full is-resized\"><img loading=\"lazy\" decoding=\"async\" width=\"450\" height=\"137\" src=\"https:\/\/www.institut-foton.eu\/wp-content\/uploads\/2023\/12\/UNIRENNES_LOGOnoir.png\" alt=\"\" class=\"wp-image-6302\" style=\"width:181px;height:auto\" srcset=\"https:\/\/www.institut-foton.eu\/wp-content\/uploads\/2023\/12\/UNIRENNES_LOGOnoir.png 450w, https:\/\/www.institut-foton.eu\/wp-content\/uploads\/2023\/12\/UNIRENNES_LOGOnoir-300x91.png 300w\" sizes=\"auto, (max-width: 450px) 100vw, 450px\" \/><\/figure>\n<\/div>\n\n\n\n<div class=\"wp-block-column is-layout-flow wp-block-column-is-layout-flow\" style=\"flex-basis:66.66%\">\n<p>Nous intervenons de la L1 au M2 \u00e0 l&#8217;Universit\u00e9 de Rennes, sur le campus de Beaulieu. Notamment au sein de <a href=\"https:\/\/spm.univ-rennes.fr\/fr\" data-type=\"link\" data-id=\"https:\/\/spm.univ-rennes.fr\/fr\">l&#8217;UFR SPM<\/a>.<\/p>\n<\/div>\n<\/div>\n\n\n\n<div class=\"wp-block-columns is-layout-flex wp-container-core-columns-is-layout-28f84493 wp-block-columns-is-layout-flex\">\n<div class=\"wp-block-column is-layout-flow wp-block-column-is-layout-flow\" style=\"flex-basis:20%\">\n<figure class=\"wp-block-image aligncenter size-full is-resized\"><img loading=\"lazy\" decoding=\"async\" width=\"255\" height=\"59\" src=\"https:\/\/www.institut-foton.eu\/wp-content\/uploads\/2023\/12\/INSARennes-1.png\" alt=\"\" class=\"wp-image-6303\" style=\"width:181px;height:auto\"\/><\/figure>\n<\/div>\n\n\n\n<div class=\"wp-block-column is-layout-flow wp-block-column-is-layout-flow\" style=\"flex-basis:66.66%\">\n<p>L&#8217;essentiel de l&#8217;enseignement en physique, notamment au sein du d\u00e9partement <a href=\"https:\/\/www.insa-rennes.fr\/gpm.html\" data-type=\"link\" data-id=\"https:\/\/www.insa-rennes.fr\/gpm.html\">G\u00e9nie Physique et Mat\u00e9riaux de l&#8217;INSA Rennes<\/a>, est assur\u00e9 par le personnel de l&#8217;Institut FOTON-OHM.<\/p>\n<\/div>\n<\/div>\n\n\n\n<div class=\"wp-block-columns is-layout-flex wp-container-core-columns-is-layout-28f84493 wp-block-columns-is-layout-flex\">\n<div class=\"wp-block-column is-layout-flow wp-block-column-is-layout-flow\" style=\"flex-basis:20%\">\n<figure class=\"wp-block-image aligncenter size-full is-resized\"><img loading=\"lazy\" decoding=\"async\" width=\"397\" height=\"149\" src=\"https:\/\/www.institut-foton.eu\/wp-content\/uploads\/2025\/08\/enssat2025-iut.webp\" alt=\"\" class=\"wp-image-11264\" style=\"width:181px;height:auto\" srcset=\"https:\/\/www.institut-foton.eu\/wp-content\/uploads\/2025\/08\/enssat2025-iut.webp 397w, https:\/\/www.institut-foton.eu\/wp-content\/uploads\/2025\/08\/enssat2025-iut-300x113.webp 300w\" sizes=\"auto, (max-width: 397px) 100vw, 397px\" \/><\/figure>\n<\/div>\n\n\n\n<div class=\"wp-block-column is-layout-flow wp-block-column-is-layout-flow\" style=\"flex-basis:66.66%\">\n<p>Le personnel de l&#8217;institut FOTON-SP intervient \u00e0 l&#8217;<a href=\"https:\/\/www.enssat.fr\/\">ENSSAT<\/a> (sp\u00e9cialit\u00e9 Photonique et par apprentissage <a href=\"https:\/\/www.enssat.fr\/fr_FR\/formations\/ingenieur-photonique-electronique-par-apprentissage\">Photonique &amp; \u00e9lectronique<\/a>) et \u00e0 l&#8217;<a href=\"https:\/\/iut-lannion.univ-rennes.fr\/\">IUT de Lannion<\/a> (Universit\u00e9 de Rennes).<\/p>\n<\/div>\n<\/div>\n\n\n\n<div class=\"wp-block-columns is-layout-flex wp-container-core-columns-is-layout-28f84493 wp-block-columns-is-layout-flex\">\n<div class=\"wp-block-column is-layout-flow wp-block-column-is-layout-flow\" style=\"flex-basis:20%\">\n<figure class=\"wp-block-image aligncenter size-full is-resized\"><img loading=\"lazy\" decoding=\"async\" width=\"286\" height=\"94\" src=\"https:\/\/www.institut-foton.eu\/wp-content\/uploads\/2025\/08\/masterphotonique6logos.webp\" alt=\"\" class=\"wp-image-11265\" style=\"width:181px;height:auto\"\/><\/figure>\n<\/div>\n\n\n\n<div class=\"wp-block-column is-layout-flow wp-block-column-is-layout-flow\" style=\"flex-basis:66.66%\">\n<p>Les enseignements du <a href=\"https:\/\/spm.univ-rennes.fr\/fr\/master-mention-physique-fondamentale-et-applications-parcours-photonique\" data-type=\"link\" data-id=\"https:\/\/spm.univ-rennes.fr\/fr\/master-mention-physique-fondamentale-et-applications-parcours-photonique\">Master Photonique de Bretagne<\/a> sont assur\u00e9s en partie par le personnel de l&#8217;Institut FOTON.<\/p>\n<\/div>\n<\/div>\n\n\n\n<div class=\"wp-block-columns is-layout-flex wp-container-core-columns-is-layout-28f84493 wp-block-columns-is-layout-flex\">\n<div class=\"wp-block-column is-layout-flow wp-block-column-is-layout-flow\"><\/div>\n\n\n\n<div class=\"wp-block-column is-layout-flow wp-block-column-is-layout-flow\"><\/div>\n<\/div>\n\n\n\n<h2 class=\"wp-block-heading\">Formation par la recherche<\/h2>\n\n\n\n<div class=\"wp-block-columns is-layout-flex wp-container-core-columns-is-layout-28f84493 wp-block-columns-is-layout-flex\">\n<div class=\"wp-block-column is-layout-flow wp-block-column-is-layout-flow\" style=\"flex-basis:66.66%\">\n<p>Chaque ann\u00e9e, l&#8217;Institut FOTON accueille plusieurs dizaines de doctorants et stagiaires, du coll\u00e8ge au M2.<\/p>\n\n\n\n<p>Les doctorants de l&#8217;Institut sont rattach\u00e9s \u00e0 <a href=\"https:\/\/ed-matisse.doctorat-bretagne.fr\/fr\" data-type=\"link\" data-id=\"https:\/\/ed-matisse.doctorat-bretagne.fr\/fr\">l&#8217;\u00e9cole doctorale Matisse<\/a>.<\/p>\n\n\n\n<p>N&#8217;h\u00e9sitez pas \u00e0 consulter nos <a href=\"https:\/\/www.institut-foton.eu\/nous-rejoindre\/offres-de-postes\/\" data-type=\"page\" data-id=\"218\">offres de th\u00e8se<\/a> et<a href=\"https:\/\/www.institut-foton.eu\/nous-rejoindre\/offres-de-stages\/\" data-type=\"page\" data-id=\"220\"> offres de stages<\/a>.<\/p>\n\n\n\n<p><\/p>\n<\/div>\n\n\n\n<div class=\"wp-block-column is-layout-flow wp-block-column-is-layout-flow\" style=\"flex-basis:33.33%\">\n<figure class=\"wp-block-image size-large\"><img loading=\"lazy\" decoding=\"async\" width=\"1024\" height=\"250\" src=\"https:\/\/www.institut-foton.eu\/wp-content\/uploads\/2023\/12\/ED-Matisse-1024x250.png\" alt=\"\" class=\"wp-image-6313\" srcset=\"https:\/\/www.institut-foton.eu\/wp-content\/uploads\/2023\/12\/ED-Matisse-1024x250.png 1024w, https:\/\/www.institut-foton.eu\/wp-content\/uploads\/2023\/12\/ED-Matisse-300x73.png 300w, https:\/\/www.institut-foton.eu\/wp-content\/uploads\/2023\/12\/ED-Matisse-768x188.png 768w, https:\/\/www.institut-foton.eu\/wp-content\/uploads\/2023\/12\/ED-Matisse-1536x375.png 1536w, https:\/\/www.institut-foton.eu\/wp-content\/uploads\/2023\/12\/ED-Matisse-2048x501.png 2048w\" sizes=\"auto, (max-width: 1024px) 100vw, 1024px\" \/><\/figure>\n<\/div>\n<\/div>\n\n\n\n<h2 class=\"wp-block-heading\">Ateliers technologiques<\/h2>\n\n\n\n<p>L&#8217;Institut FOTON offre un acc\u00e8s unique et mutualis\u00e9 \u00e0 plusieurs plates-formes technologiques reconnues de premier plan (CCLO, nanoRennes, Persyst), \u00e0 des services communs ou \u00e0 des bancs de laboratoire dans le cadre d&#8217;ateliers technologiques. Ces \u00e9quipements de pointe permettent d&#8217;apporter une formation au plus haut niveau sur des sujets comme les transmissions optiques haut-d\u00e9bits, la m\u00e9trologie laser, l&#8217;optique int\u00e9gr\u00e9e ou les technologies optroniques \u00e0 base de semiconducteurs III-V sur Silicium.<\/p>\n","protected":false},"excerpt":{"rendered":"<p>Les enseignants-chercheurs de l&#8217;Institut FOTON ainsi que ses chercheurs, doctorants, techniciens et ing\u00e9nieurs constituent une force vive de l&#8217;enseignement en physique en Bretagne. Enseignement sup\u00e9rieur Nous intervenons de la L1 au M2 \u00e0 l&#8217;Universit\u00e9 de Rennes, sur le campus de<\/p>\n","protected":false},"author":3,"featured_media":5280,"parent":340,"menu_order":3,"comment_status":"closed","ping_status":"closed","template":"page-templates\/contact.php","meta":{"inline_featured_image":false,"footnotes":""},"class_list":["post-222","page","type-page","status-publish","has-post-thumbnail","hentry"],"translation":{"provider":"WPGlobus","version":"3.0.2","language":"en","enabled_languages":["fr","en"],"languages":{"fr":{"title":true,"content":true,"excerpt":false},"en":{"title":false,"content":false,"excerpt":false}}},"_links":{"self":[{"href":"https:\/\/www.institut-foton.eu\/en\/wp-json\/wp\/v2\/pages\/222","targetHints":{"allow":["GET"]}}],"collection":[{"href":"https:\/\/www.institut-foton.eu\/en\/wp-json\/wp\/v2\/pages"}],"about":[{"href":"https:\/\/www.institut-foton.eu\/en\/wp-json\/wp\/v2\/types\/page"}],"author":[{"embeddable":true,"href":"https:\/\/www.institut-foton.eu\/en\/wp-json\/wp\/v2\/users\/3"}],"replies":[{"embeddable":true,"href":"https:\/\/www.institut-foton.eu\/en\/wp-json\/wp\/v2\/comments?post=222"}],"version-history":[{"count":22,"href":"https:\/\/www.institut-foton.eu\/en\/wp-json\/wp\/v2\/pages\/222\/revisions"}],"predecessor-version":[{"id":11266,"href":"https:\/\/www.institut-foton.eu\/en\/wp-json\/wp\/v2\/pages\/222\/revisions\/11266"}],"up":[{"embeddable":true,"href":"https:\/\/www.institut-foton.eu\/en\/wp-json\/wp\/v2\/pages\/340"}],"wp:featuredmedia":[{"embeddable":true,"href":"https:\/\/www.institut-foton.eu\/en\/wp-json\/wp\/v2\/media\/5280"}],"wp:attachment":[{"href":"https:\/\/www.institut-foton.eu\/en\/wp-json\/wp\/v2\/media?parent=222"}],"curies":[{"name":"wp","href":"https:\/\/api.w.org\/{rel}","templated":true}]}}