{"id":5135,"date":"2024-02-06T10:34:37","date_gmt":"2024-02-06T09:34:37","guid":{"rendered":"https:\/\/www.institut-foton.eu\/?page_id=5135"},"modified":"2024-02-06T10:42:33","modified_gmt":"2024-02-06T09:42:33","slug":"mentions-legales","status":"publish","type":"page","link":"https:\/\/www.institut-foton.eu\/en\/mentions-legales\/","title":{"rendered":"Mentions l\u00e9gales"},"content":{"rendered":"\n<p><strong>Institut Foton<\/strong><\/p>\n\n\n\n<p>Adresse&nbsp;: Institut FOTON \u2013 Universit\u00e9 de Rennes 11B \u2013 263 av g\u00e9n\u00e9ral Leclerc 35042 Rennes, France<br>T\u00e9l\u00e9phone : +33 (0)2 23 23 35 38<\/p>\n\n\n\n<p><strong>Directeur de la publication<\/strong>&nbsp;: <a href=\"https:\/\/www.institut-foton.eu\/alouini-mehdi\/\" data-type=\"post\" data-id=\"3565\">Mehdi ALOUINI<\/a><\/p>\n\n\n\n<p><strong>Responsable de la r\u00e9daction<\/strong>&nbsp;: <a href=\"https:\/\/www.institut-foton.eu\/guillet-de-chatellus-hugues\/\" data-type=\"post\" data-id=\"3610\">Hugues GUILLET DE CHATELLUS<\/a><\/p>\n\n\n\n<p><strong>H\u00e9bergeur<\/strong>&nbsp;: <\/p>\n\n\n\n<p>ENSSAT<br>6 rue de Kerampont<br>CS 80518<br>22305 Lannion Cedex &#8211; France<\/p>\n\n\n\n<h3 class=\"wp-block-heading\">Protection des informations nominatives<\/h3>\n\n\n\n<p>Conform\u00e9ment \u00e0 la loi n\u00b0 78-17 du 6 janvier 1978, relative \u00e0 l&#8217;Informatique, aux fichiers et aux Libert\u00e9s (articles 38, 39, 40), et au r\u00e8glement g\u00e9n\u00e9ral sur la protection des donn\u00e9es du Parlement Europ\u00e9en n\u00b0 2016\/679\/UE du 27 avril 2016 (applicable depuis le 25 mai 2018) vous disposez d&#8217;un droit d&#8217;acc\u00e8s, de rectification et de suppression des donn\u00e9es vous concernant, en ligne sur ce site. <\/p>\n\n\n\n<p>Pour exercer ce droit, vous pouvez vous adresser au responsable de la r\u00e9daction\u00a0: <a href=\"https:\/\/www.institut-foton.eu\/guillet-de-chatellus-hugues\/\">Hugues GUILLET DE CHATELLUS<\/a><\/p>\n\n\n\n<h3 class=\"wp-block-heading\">Conditions d&#8217;utilisation<\/h3>\n\n\n\n<h4 class=\"wp-block-heading\">Clause de non-responsabilit\u00e9<\/h4>\n\n\n\n<p>La responsabilit\u00e9 de l\u2019Institut Foton ne peut, en aucune mani\u00e8re, \u00eatre engag\u00e9e quant au contenu des informations figurant sur ce site ou aux cons\u00e9quences pouvant r\u00e9sulter de leur utilisation ou interpr\u00e9tation.<\/p>\n\n\n\n<h4 class=\"wp-block-heading\">Propri\u00e9t\u00e9 intellectuelle<\/h4>\n\n\n\n<p>Le site de l\u2019Institut Foton est une \u0153uvre de cr\u00e9ation, propri\u00e9t\u00e9 exclusive de l\u2019institut Foton, prot\u00e9g\u00e9e par la l\u00e9gislation fran\u00e7aise et internationale sur le droit de la propri\u00e9t\u00e9 intellectuelle. Tous les droits de reproduction sont r\u00e9serv\u00e9s, y compris pour les documents t\u00e9l\u00e9chargeables et les repr\u00e9sentations iconographiques ou photographiques. Toute reproduction totale ou partielle de ce site sans l&#8217;autorisation expresse de l&#8217;Institut Foton est interdite et constituerait une contrefa\u00e7on sanctionn\u00e9e par les articles L&nbsp;335-2 et suivants du Code de la Propri\u00e9t\u00e9 Intellectuelle (CPI), sauf mention expresse du contraire.<\/p>\n\n\n\n<h4 class=\"wp-block-heading\">Liens hypertextes<\/h4>\n\n\n\n<p>La mise en place de liens hypertextes par des tiers vers des pages ou des documents diffus\u00e9s sur le site de l\u2019Institut Foton, est autoris\u00e9e sous r\u00e9serve que les liens ne contreviennent pas aux int\u00e9r\u00eats de l\u2019Institut Foton, et, qu&#8217;ils garantissent la possibilit\u00e9 pour l&#8217;utilisateur d&#8217;identifier l&#8217;origine et l&#8217;auteur du document.<\/p>\n","protected":false},"excerpt":{"rendered":"<p>Institut Foton Adresse&nbsp;: Institut FOTON \u2013 Universit\u00e9 de Rennes 11B \u2013 263 av g\u00e9n\u00e9ral Leclerc 35042 Rennes, FranceT\u00e9l\u00e9phone : +33 (0)2 23 23 35 38 Directeur de la publication&nbsp;: Mehdi ALOUINI Responsable de la r\u00e9daction&nbsp;: Hugues GUILLET DE CHATELLUS H\u00e9bergeur&nbsp;:<\/p>\n","protected":false},"author":3,"featured_media":0,"parent":0,"menu_order":0,"comment_status":"closed","ping_status":"closed","template":"","meta":{"inline_featured_image":false,"footnotes":""},"class_list":["post-5135","page","type-page","status-publish","hentry"],"translation":{"provider":"WPGlobus","version":"3.0.2","language":"en","enabled_languages":["fr","en"],"languages":{"fr":{"title":true,"content":true,"excerpt":false},"en":{"title":false,"content":false,"excerpt":false}}},"_links":{"self":[{"href":"https:\/\/www.institut-foton.eu\/en\/wp-json\/wp\/v2\/pages\/5135","targetHints":{"allow":["GET"]}}],"collection":[{"href":"https:\/\/www.institut-foton.eu\/en\/wp-json\/wp\/v2\/pages"}],"about":[{"href":"https:\/\/www.institut-foton.eu\/en\/wp-json\/wp\/v2\/types\/page"}],"author":[{"embeddable":true,"href":"https:\/\/www.institut-foton.eu\/en\/wp-json\/wp\/v2\/users\/3"}],"replies":[{"embeddable":true,"href":"https:\/\/www.institut-foton.eu\/en\/wp-json\/wp\/v2\/comments?post=5135"}],"version-history":[{"count":4,"href":"https:\/\/www.institut-foton.eu\/en\/wp-json\/wp\/v2\/pages\/5135\/revisions"}],"predecessor-version":[{"id":8371,"href":"https:\/\/www.institut-foton.eu\/en\/wp-json\/wp\/v2\/pages\/5135\/revisions\/8371"}],"wp:attachment":[{"href":"https:\/\/www.institut-foton.eu\/en\/wp-json\/wp\/v2\/media?parent=5135"}],"curies":[{"name":"wp","href":"https:\/\/api.w.org\/{rel}","templated":true}]}}