{"id":7218,"date":"2024-02-02T11:12:13","date_gmt":"2024-02-02T10:12:13","guid":{"rendered":"https:\/\/www.institut-foton.eu\/?page_id=7218"},"modified":"2025-04-22T11:20:35","modified_gmt":"2025-04-22T09:20:35","slug":"recherche","status":"publish","type":"page","link":"https:\/\/www.institut-foton.eu\/en\/recherche\/","title":{"rendered":"Research"},"content":{"rendered":"\n\n\n\n\n<div class=\"wp-block-query is-layout-flow wp-block-query-is-layout-flow\"><ul class=\"columns-3 wp-block-post-template is-layout-grid wp-container-core-post-template-is-layout-6d3fbd8f wp-block-post-template-is-layout-grid\"><li class=\"wp-block-post post-105 page type-page status-publish has-post-thumbnail hentry\">\n<h2 class=\"wp-block-post-title\"><a href=\"https:\/\/www.institut-foton.eu\/en\/recherche\/axes-de-recherche\/\" target=\"_self\" >Research axes<\/a><\/h2>\n\n<figure style=\"aspect-ratio:16\/9;\" class=\"alignwide wp-block-post-featured-image\"><a href=\"https:\/\/www.institut-foton.eu\/en\/recherche\/axes-de-recherche\/\" target=\"_self\"  ><img loading=\"lazy\" decoding=\"async\" width=\"1595\" height=\"1139\" src=\"https:\/\/www.institut-foton.eu\/wp-content\/uploads\/2024\/02\/p20090611_152752-scaled-e1708417879873.jpg\" class=\"attachment-post-thumbnail size-post-thumbnail wp-post-image\" alt=\"Research axes\" style=\"width:100%;height:100%;object-fit:cover;\" srcset=\"https:\/\/www.institut-foton.eu\/wp-content\/uploads\/2024\/02\/p20090611_152752-scaled-e1708417879873.jpg 1595w, https:\/\/www.institut-foton.eu\/wp-content\/uploads\/2024\/02\/p20090611_152752-scaled-e1708417879873-300x214.jpg 300w, https:\/\/www.institut-foton.eu\/wp-content\/uploads\/2024\/02\/p20090611_152752-scaled-e1708417879873-1024x731.jpg 1024w, https:\/\/www.institut-foton.eu\/wp-content\/uploads\/2024\/02\/p20090611_152752-scaled-e1708417879873-768x548.jpg 768w, https:\/\/www.institut-foton.eu\/wp-content\/uploads\/2024\/02\/p20090611_152752-scaled-e1708417879873-1536x1097.jpg 1536w\" sizes=\"auto, (max-width: 1595px) 100vw, 1595px\" \/><\/a><\/figure>\n\n<div class=\"wp-block-post-excerpt\"><p class=\"wp-block-post-excerpt__excerpt\">Les activit\u00e9s de l&#8217;Institut FOTON s&#8217;organisent selon trois axes th\u00e9matiques transverses aux d\u00e9partements. <a class=\"wp-block-post-excerpt__more-link\" href=\"https:\/\/www.institut-foton.eu\/en\/recherche\/axes-de-recherche\/\">\u2192 Lire la suite<\/a><\/p><\/div>\n\n\n<hr class=\"wp-block-separator has-css-opacity\"\/>\n\n<\/li><li class=\"wp-block-post post-181 page type-page status-publish has-post-thumbnail hentry\">\n<h2 class=\"wp-block-post-title\"><a href=\"https:\/\/www.institut-foton.eu\/en\/recherche\/publications\/\" target=\"_self\" >Scientific production<\/a><\/h2>\n\n<figure style=\"aspect-ratio:16\/9;\" class=\"alignwide wp-block-post-featured-image\"><a href=\"https:\/\/www.institut-foton.eu\/en\/recherche\/publications\/\" target=\"_self\"  ><img loading=\"lazy\" decoding=\"async\" width=\"2560\" height=\"1441\" src=\"https:\/\/www.institut-foton.eu\/wp-content\/uploads\/2023\/11\/20231109_091619b-1-scaled.jpg\" class=\"attachment-post-thumbnail size-post-thumbnail wp-post-image\" alt=\"Scientific production\" style=\"width:100%;height:100%;object-fit:cover;\" srcset=\"https:\/\/www.institut-foton.eu\/wp-content\/uploads\/2023\/11\/20231109_091619b-1-scaled.jpg 2560w, https:\/\/www.institut-foton.eu\/wp-content\/uploads\/2023\/11\/20231109_091619b-1-300x169.jpg 300w, https:\/\/www.institut-foton.eu\/wp-content\/uploads\/2023\/11\/20231109_091619b-1-1024x576.jpg 1024w, https:\/\/www.institut-foton.eu\/wp-content\/uploads\/2023\/11\/20231109_091619b-1-768x432.jpg 768w, https:\/\/www.institut-foton.eu\/wp-content\/uploads\/2023\/11\/20231109_091619b-1-1536x864.jpg 1536w, https:\/\/www.institut-foton.eu\/wp-content\/uploads\/2023\/11\/20231109_091619b-1-2048x1152.jpg 2048w\" sizes=\"auto, (max-width: 2560px) 100vw, 2560px\" \/><\/a><\/figure>\n\n<div class=\"wp-block-post-excerpt\"><p class=\"wp-block-post-excerpt__excerpt\">Retrouvez l\u2019ensemble de nos publications sur HAL <a class=\"wp-block-post-excerpt__more-link\" href=\"https:\/\/www.institut-foton.eu\/en\/recherche\/publications\/\">\u2192 Lire la suite<\/a><\/p><\/div>\n\n\n<hr class=\"wp-block-separator has-css-opacity\"\/>\n\n<\/li><li class=\"wp-block-post post-8751 page type-page status-publish has-post-thumbnail hentry\">\n<h2 class=\"wp-block-post-title\"><a href=\"https:\/\/www.institut-foton.eu\/en\/recherche\/highlights\/\" target=\"_self\" >Highlights<\/a><\/h2>\n\n<figure style=\"aspect-ratio:16\/9;\" class=\"alignwide wp-block-post-featured-image\"><a href=\"https:\/\/www.institut-foton.eu\/en\/recherche\/highlights\/\" target=\"_self\"  ><img loading=\"lazy\" decoding=\"async\" width=\"851\" height=\"571\" src=\"https:\/\/www.institut-foton.eu\/wp-content\/uploads\/2024\/02\/highlights.png\" class=\"attachment-post-thumbnail size-post-thumbnail wp-post-image\" alt=\"Highlights\" style=\"width:100%;height:100%;object-fit:cover;\" srcset=\"https:\/\/www.institut-foton.eu\/wp-content\/uploads\/2024\/02\/highlights.png 851w, https:\/\/www.institut-foton.eu\/wp-content\/uploads\/2024\/02\/highlights-300x201.png 300w, https:\/\/www.institut-foton.eu\/wp-content\/uploads\/2024\/02\/highlights-768x515.png 768w\" sizes=\"auto, (max-width: 851px) 100vw, 851px\" \/><\/a><\/figure>\n\n<div class=\"wp-block-post-excerpt\"><p class=\"wp-block-post-excerpt__excerpt\">&nbsp; <a class=\"wp-block-post-excerpt__more-link\" href=\"https:\/\/www.institut-foton.eu\/en\/recherche\/highlights\/\">\u2192 Lire la suite<\/a><\/p><\/div>\n\n\n<hr class=\"wp-block-separator has-css-opacity\"\/>\n\n<\/li><\/ul><\/div>\n\n\n\n<div style=\"height:100px\" aria-hidden=\"true\" class=\"wp-block-spacer\"><\/div>\n\n\n\n<p class=\"has-small-font-size\">Photos \u00ab\u202fComp\u00e9tences et \u00e9quipements \u00bb\u202f: \u00a9Jean-Claude MOSCHETTI \/ FOTON \/ FIRST-TF \/ CNRS Phototh\u00e8que<\/p>\n","protected":false},"excerpt":{"rendered":"<p>Photos \u00ab\u202fComp\u00e9tences et \u00e9quipements \u00bb\u202f: \u00a9Jean-Claude MOSCHETTI \/ FOTON \/ FIRST-TF \/ CNRS Phototh\u00e8que<\/p>\n","protected":false},"author":3,"featured_media":0,"parent":0,"menu_order":0,"comment_status":"closed","ping_status":"closed","template":"","meta":{"inline_featured_image":false,"footnotes":""},"class_list":["post-7218","page","type-page","status-publish","hentry"],"translation":{"provider":"WPGlobus","version":"3.0.2","language":"en","enabled_languages":["fr","en"],"languages":{"fr":{"title":true,"content":true,"excerpt":false},"en":{"title":true,"content":false,"excerpt":false}}},"_links":{"self":[{"href":"https:\/\/www.institut-foton.eu\/en\/wp-json\/wp\/v2\/pages\/7218","targetHints":{"allow":["GET"]}}],"collection":[{"href":"https:\/\/www.institut-foton.eu\/en\/wp-json\/wp\/v2\/pages"}],"about":[{"href":"https:\/\/www.institut-foton.eu\/en\/wp-json\/wp\/v2\/types\/page"}],"author":[{"embeddable":true,"href":"https:\/\/www.institut-foton.eu\/en\/wp-json\/wp\/v2\/users\/3"}],"replies":[{"embeddable":true,"href":"https:\/\/www.institut-foton.eu\/en\/wp-json\/wp\/v2\/comments?post=7218"}],"version-history":[{"count":6,"href":"https:\/\/www.institut-foton.eu\/en\/wp-json\/wp\/v2\/pages\/7218\/revisions"}],"predecessor-version":[{"id":7808,"href":"https:\/\/www.institut-foton.eu\/en\/wp-json\/wp\/v2\/pages\/7218\/revisions\/7808"}],"wp:attachment":[{"href":"https:\/\/www.institut-foton.eu\/en\/wp-json\/wp\/v2\/media?parent=7218"}],"curies":[{"name":"wp","href":"https:\/\/api.w.org\/{rel}","templated":true}]}}