{"id":7747,"date":"2024-02-05T15:27:01","date_gmt":"2024-02-05T14:27:01","guid":{"rendered":"https:\/\/www.institut-foton.eu\/?page_id=7747"},"modified":"2024-02-22T08:46:46","modified_gmt":"2024-02-22T07:46:46","slug":"photo-generation-et-stockage-de-lenergie","status":"publish","type":"page","link":"https:\/\/www.institut-foton.eu\/en\/recherche\/axes-de-recherche\/photo-generation-et-stockage-de-lenergie\/","title":{"rendered":"Photo-g\u00e9n\u00e9ration et stockage de l\u2019\u00e9nergie"},"content":{"rendered":"\n\n\n\n<figure style=\"aspect-ratio:16\/9;width:50%;\" class=\"aligncenter wp-block-post-featured-image\"><img loading=\"lazy\" decoding=\"async\" width=\"529\" height=\"298\" src=\"https:\/\/www.institut-foton.eu\/wp-content\/uploads\/2024\/01\/IMG_20240123_151633.jpg\" class=\"attachment-post-thumbnail size-post-thumbnail wp-post-image\" alt=\"\" style=\"width:100%;height:100%;object-fit:cover;\" srcset=\"https:\/\/www.institut-foton.eu\/wp-content\/uploads\/2024\/01\/IMG_20240123_151633.jpg 529w, https:\/\/www.institut-foton.eu\/wp-content\/uploads\/2024\/01\/IMG_20240123_151633-300x169.jpg 300w\" sizes=\"auto, (max-width: 529px) 100vw, 529px\" \/><\/figure>\n\n\n<div class=\"wp-block-columns is-layout-flex wp-container-core-columns-is-layout-28f84493 wp-block-columns-is-layout-flex\">\n<div class=\"wp-block-column is-layout-flow wp-block-column-is-layout-flow\">\n<h2 class=\"wp-block-heading\">Photo-\u00e9lectrochimie<\/h2>\n\n\n\n<div class=\"wp-block-query is-layout-flow wp-block-query-is-layout-flow\"><ul class=\"keys wp-block-post-template is-layout-flow wp-block-post-template-is-layout-flow\"><li class=\"wp-block-post post-8799 post type-post status-publish format-standard hentry category-activites tag-departement-ohm tag-photo-electrochimie\">\n<h6 class=\"keys wp-block-post-title\"><a href=\"https:\/\/www.institut-foton.eu\/en\/chimiluminescence\/\" target=\"_self\" >Chimiluminescence<\/a><\/h6>\n\n\n<\/li><li class=\"wp-block-post post-8789 post type-post status-publish format-standard hentry category-activites tag-departement-ohm tag-photo-electrochimie\">\n<h6 class=\"keys wp-block-post-title\"><a href=\"https:\/\/www.institut-foton.eu\/en\/cellules-photoelectrochimique-a-base-de-perovskites\/\" target=\"_self\" >Cellules Photo\u00e9lectrochimique \u00e0 base de P\u00e9rovskites<\/a><\/h6>\n\n\n<\/li><li class=\"wp-block-post post-8787 post type-post status-publish format-standard hentry category-activites tag-departement-ohm tag-photo-electrochimie\">\n<h6 class=\"keys wp-block-post-title\"><a href=\"https:\/\/www.institut-foton.eu\/en\/cellules-photoelectrochimique-iii-v-si\/\" target=\"_self\" >Cellules Photo\u00e9lectrochimique III-V\/Si<\/a><\/h6>\n\n\n<\/li><li class=\"wp-block-post post-8784 post type-post status-publish format-standard hentry category-activites tag-departement-ohm tag-photo-electrochimie\">\n<h6 class=\"keys wp-block-post-title\"><a href=\"https:\/\/www.institut-foton.eu\/en\/production-dhydrogene-solaire\/\" target=\"_self\" >Production d\u2019hydrog\u00e8ne solaire<\/a><\/h6>\n\n\n<\/li><\/ul><\/div>\n<\/div>\n\n\n\n<div class=\"wp-block-column is-layout-flow wp-block-column-is-layout-flow\">\n<h2 class=\"wp-block-heading\">Concepts avanc\u00e9s de cellules photovolta\u00efques<\/h2>\n\n\n\n<div class=\"wp-block-query is-layout-flow wp-block-query-is-layout-flow\"><ul class=\"keys wp-block-post-template is-layout-flow wp-block-post-template-is-layout-flow\"><li class=\"wp-block-post post-8810 post type-post status-publish format-standard hentry category-activites tag-concepts-avances-de-cellules-photovoltaiques tag-departement-ohm\">\n<h6 class=\"keys wp-block-post-title\"><a href=\"https:\/\/www.institut-foton.eu\/en\/proprietes-electro-optiques-des-dispositifs-photovoltaiques\/\" target=\"_self\" >Propri\u00e9t\u00e9s \u00e9lectro-optiques des dispositifs photovolta\u00efques<\/a><\/h6>\n\n\n<\/li><li class=\"wp-block-post post-8808 post type-post status-publish format-standard hentry category-activites tag-concepts-avances-de-cellules-photovoltaiques tag-departement-ohm\">\n<h6 class=\"keys wp-block-post-title\"><a href=\"https:\/\/www.institut-foton.eu\/en\/concepts-avances-de-cellules-photovoltaiques\/\" target=\"_self\" >Concepts avanc\u00e9s de cellules photovolta\u00efques<\/a><\/h6>\n\n\n<\/li><li class=\"wp-block-post post-8806 post type-post status-publish format-standard hentry category-activites tag-concepts-avances-de-cellules-photovoltaiques tag-departement-ohm\">\n<h6 class=\"keys wp-block-post-title\"><a href=\"https:\/\/www.institut-foton.eu\/en\/cellules-solaires-tandem-sur-silicium\/\" target=\"_self\" >Cellules solaires Tandem sur Silicium<\/a><\/h6>\n\n\n<\/li><li class=\"wp-block-post post-8802 post type-post status-publish format-standard hentry category-activites tag-concepts-avances-de-cellules-photovoltaiques tag-departement-ohm\">\n<h6 class=\"keys wp-block-post-title\"><a href=\"https:\/\/www.institut-foton.eu\/en\/cellules-solaires-a-base-de-perovskites-halogenes\/\" target=\"_self\" >Cellules solaires \u00e0 base de P\u00e9rovskites halog\u00e9n\u00e9s<\/a><\/h6>\n\n\n<\/li><\/ul><\/div>\n<\/div>\n\n\n\n<div class=\"wp-block-column is-layout-flow wp-block-column-is-layout-flow\">\n<h2 class=\"wp-block-heading\">Mat\u00e9riaux pour l&#8217;\u00e9nergie<\/h2>\n\n\n\n<div class=\"wp-block-query is-layout-flow wp-block-query-is-layout-flow\"><ul class=\"keys wp-block-post-template is-layout-flow wp-block-post-template-is-layout-flow\"><li class=\"wp-block-post post-8817 post type-post status-publish format-standard hentry category-activites tag-departement-ohm tag-materiaux-pour-lenergie\">\n<h6 class=\"keys wp-block-post-title\"><a href=\"https:\/\/www.institut-foton.eu\/en\/physique-des-materiaux-perovskites\/\" target=\"_self\" >Physique des mat\u00e9riaux P\u00e9rovskites<\/a><\/h6>\n\n\n<\/li><li class=\"wp-block-post post-8812 post type-post status-publish format-standard hentry category-activites tag-departement-ohm tag-materiaux-pour-lenergie\">\n<h6 class=\"keys wp-block-post-title\"><a href=\"https:\/\/www.institut-foton.eu\/en\/physique-et-croissance-des-materiaux-iii-v-si\/\" target=\"_self\" >Physique et croissance des mat\u00e9riaux III-V\/Si<\/a><\/h6>\n\n\n<\/li><\/ul><\/div>\n<\/div>\n<\/div>\n","protected":false},"excerpt":{"rendered":"<p>Photo-\u00e9lectrochimie Concepts avanc\u00e9s de cellules photovolta\u00efques Mat\u00e9riaux pour l&#8217;\u00e9nergie<\/p>\n","protected":false},"author":3,"featured_media":6957,"parent":105,"menu_order":3,"comment_status":"closed","ping_status":"closed","template":"","meta":{"inline_featured_image":false,"footnotes":""},"class_list":["post-7747","page","type-page","status-publish","has-post-thumbnail","hentry"],"translation":{"provider":"WPGlobus","version":"3.0.2","language":"en","enabled_languages":["fr","en"],"languages":{"fr":{"title":true,"content":true,"excerpt":false},"en":{"title":false,"content":false,"excerpt":false}}},"_links":{"self":[{"href":"https:\/\/www.institut-foton.eu\/en\/wp-json\/wp\/v2\/pages\/7747","targetHints":{"allow":["GET"]}}],"collection":[{"href":"https:\/\/www.institut-foton.eu\/en\/wp-json\/wp\/v2\/pages"}],"about":[{"href":"https:\/\/www.institut-foton.eu\/en\/wp-json\/wp\/v2\/types\/page"}],"author":[{"embeddable":true,"href":"https:\/\/www.institut-foton.eu\/en\/wp-json\/wp\/v2\/users\/3"}],"replies":[{"embeddable":true,"href":"https:\/\/www.institut-foton.eu\/en\/wp-json\/wp\/v2\/comments?post=7747"}],"version-history":[{"count":20,"href":"https:\/\/www.institut-foton.eu\/en\/wp-json\/wp\/v2\/pages\/7747\/revisions"}],"predecessor-version":[{"id":9016,"href":"https:\/\/www.institut-foton.eu\/en\/wp-json\/wp\/v2\/pages\/7747\/revisions\/9016"}],"up":[{"embeddable":true,"href":"https:\/\/www.institut-foton.eu\/en\/wp-json\/wp\/v2\/pages\/105"}],"wp:featuredmedia":[{"embeddable":true,"href":"https:\/\/www.institut-foton.eu\/en\/wp-json\/wp\/v2\/media\/6957"}],"wp:attachment":[{"href":"https:\/\/www.institut-foton.eu\/en\/wp-json\/wp\/v2\/media?parent=7747"}],"curies":[{"name":"wp","href":"https:\/\/api.w.org\/{rel}","templated":true}]}}