{"id":9435,"date":"2024-04-15T09:34:50","date_gmt":"2024-04-15T07:34:50","guid":{"rendered":"https:\/\/www.institut-foton.eu\/?page_id=9435"},"modified":"2024-04-15T09:53:32","modified_gmt":"2024-04-15T07:53:32","slug":"localisation-acces","status":"publish","type":"page","link":"https:\/\/www.institut-foton.eu\/en\/localisation-acces\/","title":{"rendered":"Localisation &#8211; Acc\u00e8s"},"content":{"rendered":"\n<h2 class=\"wp-block-heading\">DOP<\/h2>\n\n\n\n<div class=\"wp-block-columns is-layout-flex wp-container-core-columns-is-layout-28f84493 wp-block-columns-is-layout-flex\">\n<div class=\"wp-block-column is-layout-flow wp-block-column-is-layout-flow\" style=\"flex-basis:33.34%\">\n<iframe loading=\"lazy\" width=\"425\" height=\"350\" src=\"https:\/\/www.openstreetmap.org\/export\/embed.html?bbox=-1.6439741849899294%2C48.11506389583458%2C-1.636893153190613%2C48.11864167289261&amp;layer=mapnik&amp;marker=48.11685281550644%2C-1.640433669090271\" style=\"border: 1px solid black\"><\/iframe><br\/><small><a href=\"https:\/\/www.openstreetmap.org\/?mlat=48.11685&amp;mlon=-1.64043#map=18\/48.11685\/-1.64043&amp;layers=N\">Afficher une carte plus grande<\/a><\/small>\n<\/div>\n\n\n\n<div class=\"wp-block-column is-layout-flow wp-block-column-is-layout-flow\" style=\"flex-basis:33.34%\">\n<p>Institut Foton \u2013 DOP<br>Universit\u00e9 de Rennes 11B<br>263 av g\u00e9n\u00e9ral Leclerc<br>35042 Rennes, France<\/p>\n\n\n\n<p><a href=\"geo:48.11695,-1.64043\">geo:48.11695,-1.64043<\/a><\/p>\n\n\n\n<p>En <a href=\"https:\/\/www.star.fr\/\">transport en commun<\/a> :<\/p>\n\n\n\n<ul class=\"puce1 wp-block-list\">\n<li>En bus : lignes de bus C4, C6, 40Ex et 41Ex (arr\u00eat Tournebride)<\/li>\n\n\n\n<li>En m\u00e9tro : ligne 2 (arr\u00eat Beaulieu-Universit\u00e9)<\/li>\n<\/ul>\n<\/div>\n\n\n\n<div class=\"wp-block-column is-layout-flow wp-block-column-is-layout-flow\" style=\"flex-basis:33.33%\">\n<iframe src=\"https:\/\/www.google.com\/maps\/embed?pb=!4v1713166065417!6m8!1m7!1s7Xt4x3JaOBXIAFWbCJuL4g!2m2!1d48.11701204108956!2d-1.64016986513723!3f222.91939211061302!4f-8.866459185419984!5f0.7820865974627469\" width=\"600\" height=\"450\" style=\"border:0;\" allowfullscreen=\"\" loading=\"lazy\" referrerpolicy=\"no-referrer-when-downgrade\"><\/iframe>\n<\/div>\n<\/div>\n\n\n\n<h2 class=\"wp-block-heading\">OHM<\/h2>\n\n\n\n<div class=\"wp-block-columns is-layout-flex wp-container-core-columns-is-layout-28f84493 wp-block-columns-is-layout-flex\">\n<div class=\"wp-block-column is-layout-flow wp-block-column-is-layout-flow\" style=\"flex-basis:33.34%\">\n<iframe loading=\"lazy\" width=\"425\" height=\"350\" src=\"https:\/\/www.openstreetmap.org\/export\/embed.html?bbox=-1.634921729564667%2C48.119556669959984%2C-1.6304424405097961%2C48.12134543320148&amp;layer=mapnik&amp;marker=48.12045105936634%2C-1.6326820850372314\" style=\"border: 1px solid black\"><\/iframe><br\/><small><a href=\"https:\/\/www.openstreetmap.org\/?mlat=48.12045&amp;mlon=-1.63268#map=19\/48.12045\/-1.63268&amp;layers=N\">Afficher une carte plus grande<\/a><\/small>\n<\/div>\n\n\n\n<div class=\"wp-block-column is-layout-flow wp-block-column-is-layout-flow\" style=\"flex-basis:33.34%\">\n<p>Institut Foton \u2013 OHM<br>INSA Rennes<br>20 av des Buttes de Coesmes<br>35700 Rennes, France<\/p>\n\n\n\n<p><a href=\"geo:48.120443,-1.632666\">geo:48.120443,-1.632666<\/a><\/p>\n<\/div>\n\n\n\n<div class=\"wp-block-column is-layout-flow wp-block-column-is-layout-flow\" style=\"flex-basis:33.33%\">\n<iframe src=\"https:\/\/www.google.com\/maps\/embed?pb=!4v1713166416877!6m8!1m7!1shaoGdA9CtuSguapOAh4Vsg!2m2!1d48.12008672632971!2d-1.632878404668473!3f14.86291646802215!4f-0.1325522811203257!5f0.7820865974627469\" width=\"600\" height=\"450\" style=\"border:0;\" allowfullscreen=\"\" loading=\"lazy\" referrerpolicy=\"no-referrer-when-downgrade\"><\/iframe>\n<\/div>\n<\/div>\n\n\n\n<h2 class=\"wp-block-heading\">SP<\/h2>\n\n\n\n<div class=\"wp-block-columns is-layout-flex wp-container-core-columns-is-layout-28f84493 wp-block-columns-is-layout-flex\">\n<div class=\"wp-block-column is-layout-flow wp-block-column-is-layout-flow\" style=\"flex-basis:33.34%\">\n<iframe loading=\"lazy\" width=\"425\" height=\"350\" src=\"https:\/\/www.openstreetmap.org\/export\/embed.html?bbox=-3.4641480445861816%2C48.72876578397714%2C-3.460607528686524%2C48.73053323419426&amp;layer=mapnik&amp;marker=48.72964951685142%2C-3.4623777866363525\" style=\"border: 1px solid black\"><\/iframe><br\/><small><a href=\"https:\/\/www.openstreetmap.org\/?mlat=48.72965&amp;mlon=-3.46238#map=19\/48.72965\/-3.46238&amp;layers=N\">Afficher une carte plus grande<\/a><\/small>\n<\/div>\n\n\n\n<div class=\"wp-block-column is-layout-flow wp-block-column-is-layout-flow\" style=\"flex-basis:33.34%\">\n<p>Institut Foton \u2013 SP<br>ENSSAT<br>6 rue de Kerampont<br>22305 Lannion, France<\/p>\n\n\n\n<p><a href=\"geo:48.72969,-3.46238\">geo:48.72969,-3.46238<\/a><\/p>\n<\/div>\n\n\n\n<div class=\"wp-block-column is-layout-flow wp-block-column-is-layout-flow\" style=\"flex-basis:33.33%\">\n<iframe src=\"https:\/\/www.google.com\/maps\/embed?pb=!4v1713167441076!6m8!1m7!1s3pVOEvztjSa9RHRQONLLiw!2m2!1d48.7294822382392!2d-3.462437060764354!3f6.0217379650084695!4f-8.41297346244626!5f0.7820865974627469\" width=\"600\" height=\"450\" style=\"border:0;\" allowfullscreen=\"\" loading=\"lazy\" referrerpolicy=\"no-referrer-when-downgrade\"><\/iframe>\n<\/div>\n<\/div>\n","protected":false},"excerpt":{"rendered":"<p>DOP Afficher une carte plus grande Institut Foton \u2013 DOPUniversit\u00e9 de Rennes 11B263 av g\u00e9n\u00e9ral Leclerc35042 Rennes, France geo:48.11695,-1.64043 En transport en commun : OHM Afficher une carte plus grande Institut Foton \u2013 OHMINSA Rennes20 av des Buttes de Coesmes35700<\/p>\n","protected":false},"author":3,"featured_media":0,"parent":0,"menu_order":0,"comment_status":"closed","ping_status":"closed","template":"","meta":{"inline_featured_image":false,"footnotes":""},"class_list":["post-9435","page","type-page","status-publish","hentry"],"translation":{"provider":"WPGlobus","version":"3.0.2","language":"en","enabled_languages":["fr","en"],"languages":{"fr":{"title":true,"content":true,"excerpt":false},"en":{"title":false,"content":false,"excerpt":false}}},"_links":{"self":[{"href":"https:\/\/www.institut-foton.eu\/en\/wp-json\/wp\/v2\/pages\/9435","targetHints":{"allow":["GET"]}}],"collection":[{"href":"https:\/\/www.institut-foton.eu\/en\/wp-json\/wp\/v2\/pages"}],"about":[{"href":"https:\/\/www.institut-foton.eu\/en\/wp-json\/wp\/v2\/types\/page"}],"author":[{"embeddable":true,"href":"https:\/\/www.institut-foton.eu\/en\/wp-json\/wp\/v2\/users\/3"}],"replies":[{"embeddable":true,"href":"https:\/\/www.institut-foton.eu\/en\/wp-json\/wp\/v2\/comments?post=9435"}],"version-history":[{"count":11,"href":"https:\/\/www.institut-foton.eu\/en\/wp-json\/wp\/v2\/pages\/9435\/revisions"}],"predecessor-version":[{"id":9449,"href":"https:\/\/www.institut-foton.eu\/en\/wp-json\/wp\/v2\/pages\/9435\/revisions\/9449"}],"wp:attachment":[{"href":"https:\/\/www.institut-foton.eu\/en\/wp-json\/wp\/v2\/media?parent=9435"}],"curies":[{"name":"wp","href":"https:\/\/api.w.org\/{rel}","templated":true}]}}