{"id":9628,"date":"2024-06-04T13:39:34","date_gmt":"2024-06-04T11:39:34","guid":{"rendered":"https:\/\/www.institut-foton.eu\/?page_id=9628"},"modified":"2025-04-22T10:38:25","modified_gmt":"2025-04-22T08:38:25","slug":"developpement-durable-et-responsabilite-societale","status":"publish","type":"page","link":"https:\/\/www.institut-foton.eu\/en\/science-society\/developpement-durable-et-responsabilite-societale\/","title":{"rendered":"D\u00e9veloppement Durable et Responsabilit\u00e9 Soci\u00e9tale"},"content":{"rendered":"\n<h2 class=\"wp-block-heading\">Engagement pour la r\u00e9duction des \u00e9missions carbones<\/h2>\n\n\n\n<p>Le monde est confront\u00e9 \u00e0 un d\u00e9fi environnemental majeur : le r\u00e9chauffement climatique. L&#8217;augmentation des \u00e9missions de gaz \u00e0 effet de serre due aux activit\u00e9s humaines entra\u00eene une hausse des temp\u00e9ratures moyennes \u00e0 la surface de la Terre, avec des cons\u00e9quences graves sur l&#8217;environnement et les soci\u00e9t\u00e9s.<\/p>\n\n\n\n<p>Notre laboratoire effectue le bilan de carbone de l\u2019unit\u00e9 via l\u2019outil du GDR LABO1.5, informe l&#8217;unit\u00e9 sur ce bilan et propose des actions et des trajectoires de r\u00e9duction de l&#8217;empreinte C du laboratoire.<\/p>\n\n\n\n<h2 class=\"wp-block-heading\">Un groupe de travail d\u00e9di\u00e9<\/h2>\n\n\n\n<p><br>Un groupe de travail a \u00e9t\u00e9 cr\u00e9\u00e9 au sein du laboratoire pour piloter la transition \u00e9cologique. Ce groupe de travail est compos\u00e9 de membres du personnel et est charg\u00e9 de :<\/p>\n\n\n\n<ul class=\"wp-block-list puce1\">\n<li>Identifier et mettre en oeuvre des actions concr\u00e8tes pour r\u00e9duire les \u00e9missions de gaz \u00e0 effet de serre<\/li>\n\n\n\n<li>Suivre les progr\u00e8s et rendre compte des r\u00e9sultats<\/li>\n\n\n\n<li>Sensibiliser le personnel aux enjeux environnementaux et \u00e0 l&#8217;importance de la transition \u00e9cologique<\/li>\n<\/ul>\n\n\n\n<p><br>Composition actuelle :<\/p>\n\n\n\n<ul class=\"wp-block-list puce1\">\n<li>Charles Cornet (Professeur \u2013 d\u00e9partement OHM \u2013 INSA-Rennes)<\/li>\n\n\n\n<li>Monique Thual (Professeur \u2013 d\u00e9partement SP &#8211; Lannion)<\/li>\n\n\n\n<li>Karine Tavernier (ITA \u2013 d\u00e9partement OHM \u2013 INSA-Rennes)<\/li>\n\n\n\n<li>St\u00e9phane Tr\u00e9baol (Enseignant chercheur \u2013 d\u00e9partement SP &#8211; Lannion)<\/li>\n\n\n\n<li>Pascal Besnard (Professeur &#8211; d\u00e9partement SP &#8211; Lannion)<\/li>\n\n\n\n<li>Goulc&#8217;hen LOAS (ITA \u2013 d\u00e9partement DOP &#8211; Rennes)<\/li>\n\n\n\n<li>S\u00e9bastien Lobo (ITA \u2013 d\u00e9partement SP &#8211; Lannion)<\/li>\n<\/ul>\n\n\n\n<h2 class=\"wp-block-heading puce1\">Un engagement continu<\/h2>\n\n\n\n<p><br>La transition \u00e9cologique est un processus continu et nous nous engageons \u00e0 am\u00e9liorer constamment nos performances environnementales. Nous suivrons r\u00e9guli\u00e8rement nos progr\u00e8s et nous nous fixerons des objectifs ambitieux pour r\u00e9duire notre empreinte carbone.<\/p>\n\n\n\n<p><br>N&#8217;h\u00e9sitez pas \u00e0 nous contacter si vous avez des questions ou si vous souhaitez en savoir plus sur nos actions en faveur de l&#8217;environnement.<\/p>\n","protected":false},"excerpt":{"rendered":"<p>Engagement pour la r\u00e9duction des \u00e9missions carbones Le monde est confront\u00e9 \u00e0 un d\u00e9fi environnemental majeur : le r\u00e9chauffement climatique. L&#8217;augmentation des \u00e9missions de gaz \u00e0 effet de serre due aux activit\u00e9s humaines entra\u00eene une hausse des temp\u00e9ratures moyennes \u00e0<\/p>\n","protected":false},"author":9,"featured_media":9631,"parent":340,"menu_order":4,"comment_status":"closed","ping_status":"closed","template":"","meta":{"inline_featured_image":false,"footnotes":""},"class_list":["post-9628","page","type-page","status-publish","has-post-thumbnail","hentry"],"translation":{"provider":"WPGlobus","version":"3.0.2","language":"en","enabled_languages":["fr","en"],"languages":{"fr":{"title":true,"content":true,"excerpt":false},"en":{"title":false,"content":false,"excerpt":false}}},"_links":{"self":[{"href":"https:\/\/www.institut-foton.eu\/en\/wp-json\/wp\/v2\/pages\/9628","targetHints":{"allow":["GET"]}}],"collection":[{"href":"https:\/\/www.institut-foton.eu\/en\/wp-json\/wp\/v2\/pages"}],"about":[{"href":"https:\/\/www.institut-foton.eu\/en\/wp-json\/wp\/v2\/types\/page"}],"author":[{"embeddable":true,"href":"https:\/\/www.institut-foton.eu\/en\/wp-json\/wp\/v2\/users\/9"}],"replies":[{"embeddable":true,"href":"https:\/\/www.institut-foton.eu\/en\/wp-json\/wp\/v2\/comments?post=9628"}],"version-history":[{"count":3,"href":"https:\/\/www.institut-foton.eu\/en\/wp-json\/wp\/v2\/pages\/9628\/revisions"}],"predecessor-version":[{"id":10461,"href":"https:\/\/www.institut-foton.eu\/en\/wp-json\/wp\/v2\/pages\/9628\/revisions\/10461"}],"up":[{"embeddable":true,"href":"https:\/\/www.institut-foton.eu\/en\/wp-json\/wp\/v2\/pages\/340"}],"wp:featuredmedia":[{"embeddable":true,"href":"https:\/\/www.institut-foton.eu\/en\/wp-json\/wp\/v2\/media\/9631"}],"wp:attachment":[{"href":"https:\/\/www.institut-foton.eu\/en\/wp-json\/wp\/v2\/media?parent=9628"}],"curies":[{"name":"wp","href":"https:\/\/api.w.org\/{rel}","templated":true}]}}